{"id":49433,"date":"2024-10-03T16:26:15","date_gmt":"2024-10-03T14:26:15","guid":{"rendered":"https:\/\/tridenstechnology.com\/?page_id=49433"},"modified":"2024-10-03T16:41:34","modified_gmt":"2024-10-03T14:41:34","slug":"termos-de-utilizacao-da-aplicacao-tridens-ev-charge","status":"publish","type":"page","link":"https:\/\/tridenstechnology.com\/pt\/tridens-ev-charge-app-terms-of-use\/","title":{"rendered":"Tridens EV Charge App - Termos de utiliza\u00e7\u00e3o"},"content":{"rendered":"<h2 class=\"wp-block-heading\" id=\"h-introduction\">Introdu\u00e7\u00e3o<\/h2>\n\n\n\n<p>Bem-vindo \u00e0 aplica\u00e7\u00e3o Tridens EV Charge (a \u201cAplica\u00e7\u00e3o\u201d). Estes Termos de Utiliza\u00e7\u00e3o (\u201cTermos\u201d) regem a sua utiliza\u00e7\u00e3o da nossa Aplica\u00e7\u00e3o e servi\u00e7os. Ao aceder ou utilizar a Aplica\u00e7\u00e3o, concorda em ficar vinculado a estes Termos. Se n\u00e3o concordar com estes Termos, n\u00e3o poder\u00e1 utilizar a Aplica\u00e7\u00e3o.<\/p>\n\n\n\n<h2 class=\"wp-block-heading\" id=\"h-eligibility\">Elegibilidade<\/h2>\n\n\n\n<p>Para poder utilizar a Aplica\u00e7\u00e3o, deve ter capacidade jur\u00eddica para celebrar o presente acordo. Ao utilizar a Aplica\u00e7\u00e3o, declara e garante que cumpre estes requisitos de elegibilidade.<\/p>\n\n\n\n<h2 class=\"wp-block-heading\" id=\"h-use-of-application\">Utiliza\u00e7\u00e3o da aplica\u00e7\u00e3o<\/h2>\n\n\n\n<p>A Aplica\u00e7\u00e3o \u00e9 fornecida para a sua utiliza\u00e7\u00e3o pessoal ou comercial autorizada. Concorda em utilizar a Aplica\u00e7\u00e3o de acordo com todas as leis e regulamentos aplic\u00e1veis. \u00c9 respons\u00e1vel por qualquer atividade que ocorra na sua conta.<\/p>\n\n\n\n<h2 class=\"wp-block-heading\" id=\"h-account-security\">Seguran\u00e7a da conta<\/h2>\n\n\n\n<p>\u00c9 respons\u00e1vel por manter a confidencialidade das informa\u00e7\u00f5es da sua conta, incluindo o seu nome de utilizador e palavra-passe. Concorda em notificar-nos imediatamente de qualquer utiliza\u00e7\u00e3o n\u00e3o autorizada da sua conta ou de qualquer outra viola\u00e7\u00e3o de seguran\u00e7a. N\u00e3o nos responsabilizamos por qualquer perda ou dano resultante do seu incumprimento desta obriga\u00e7\u00e3o de seguran\u00e7a.<\/p>\n\n\n\n<h2 class=\"wp-block-heading\" id=\"h-service-availability\">Disponibilidade do servi\u00e7o<\/h2>\n\n\n\n<p>Esfor\u00e7amo-nos por garantir que a Aplica\u00e7\u00e3o funciona de forma eficiente e fi\u00e1vel. No entanto, n\u00e3o garantimos que a Aplica\u00e7\u00e3o esteja sempre dispon\u00edvel, livre de erros ou segura. Reservamo-nos o direito de suspender, limitar ou descontinuar qualquer parte da Aplica\u00e7\u00e3o em qualquer altura, com ou sem aviso pr\u00e9vio<\/p>\n\n\n\n<h2 class=\"wp-block-heading\" id=\"h-cancellation-of-service\">Cancelamento do servi\u00e7o<\/h2>\n\n\n\n<p>Reservamo-nos o direito de cancelar ou p\u00f4r termo ao seu acesso \u00e0 Aplica\u00e7\u00e3o e aos servi\u00e7os associados em qualquer altura, por qualquer motivo e sem qualquer obriga\u00e7\u00e3o para consigo. Isto inclui, mas n\u00e3o se limita a, viola\u00e7\u00f5es destes Termos ou qualquer utiliza\u00e7\u00e3o indevida da Aplica\u00e7\u00e3o. Ap\u00f3s o cancelamento, o seu acesso \u00e0 Aplica\u00e7\u00e3o ser\u00e1 imediatamente revogado<\/p>\n\n\n\n<h2 class=\"wp-block-heading\" id=\"h-intellectual-property\">Propriedade intelectual<\/h2>\n\n\n\n<p>Todo o conte\u00fado, elementos de design e outros materiais associados ao Aplicativo s\u00e3o de propriedade do Tridens ou de seus licenciadores e s\u00e3o protegidos por leis de propriedade intelectual. \u00c9-lhe concedida uma licen\u00e7a limitada e n\u00e3o exclusiva para aceder e utilizar a Aplica\u00e7\u00e3o para fins pessoais ou comerciais autorizados.<\/p>\n\n\n\n<h2 class=\"wp-block-heading\" id=\"h-limitation-of-liability\">Limita\u00e7\u00e3o de Responsabilidade Civil<\/h2>\n\n\n\n<p>Na medida m\u00e1xima permitida pela lei aplic\u00e1vel, o Tridens n\u00e3o ser\u00e1 respons\u00e1vel por quaisquer danos decorrentes ou relacionados com a sua utiliza\u00e7\u00e3o da Aplica\u00e7\u00e3o. Isto inclui danos diretos, indirectos, incidentais, consequenciais ou punitivos, quer resultem do uso, mau uso ou incapacidade de usar a Aplica\u00e7\u00e3o.<\/p>\n\n\n\n<h2 class=\"wp-block-heading\" id=\"h-changes-to-terms\">Altera\u00e7\u00f5es \u00e0s condi\u00e7\u00f5es<\/h2>\n\n\n\n<p>Podemos atualizar ou modificar estes Termos em qualquer altura. Quaisquer altera\u00e7\u00f5es entrar\u00e3o em vigor imediatamente ap\u00f3s a publica\u00e7\u00e3o dos Termos revistos na Aplica\u00e7\u00e3o. A sua utiliza\u00e7\u00e3o continuada da Aplica\u00e7\u00e3o ap\u00f3s tais altera\u00e7\u00f5es constitui a sua aceita\u00e7\u00e3o dos Termos revistos<\/p>\n\n\n\n<h2 class=\"wp-block-heading\" id=\"h-governing-law\">Direito aplic\u00e1vel<\/h2>\n\n\n\n<p>A aplica\u00e7\u00e3o est\u00e1 sujeita \u00e0 legisla\u00e7\u00e3o e \u00e0 jurisdi\u00e7\u00e3o da Rep\u00fablica da Eslov\u00e9nia.<\/p>\n\n\n\n<p>N\u00e3o pode utilizar, exportar ou reexportar os materiais ou servi\u00e7os desta aplica\u00e7\u00e3o ou qualquer c\u00f3pia ou adapta\u00e7\u00e3o em viola\u00e7\u00e3o de quaisquer leis ou regulamentos aplic\u00e1veis, incluindo, sem limita\u00e7\u00e3o, as leis e regulamentos de exporta\u00e7\u00e3o relevantes a n\u00edvel mundial. Se optar por aceder a esta aplica\u00e7\u00e3o, f\u00e1-lo por sua pr\u00f3pria iniciativa e \u00e9 respons\u00e1vel pelo cumprimento da legisla\u00e7\u00e3o local aplic\u00e1vel.<\/p>\n\n\n\n<h2 class=\"wp-block-heading\" id=\"h-contact-information\">Informa\u00e7\u00f5es de contacto<\/h2>\n\n\n\n<p>Se tiver alguma d\u00favida ou preocupa\u00e7\u00e3o relativamente a estes Termos ou \u00e0 Aplica\u00e7\u00e3o, contacte-nos atrav\u00e9s do endere\u00e7o info@tridenstechnology.com<\/p>\n\n\n\n<p><\/p>","protected":false},"excerpt":{"rendered":"<p>Introduction Welcome to the Tridens EV Charge application (the &#8220;Application&#8221;). These Terms of Use (&#8220;Terms&#8221;) govern your use of our Application and services. By accessing or using the Application, you agree to be bound by these Terms. If you do not agree to these Terms, you may not use the Application. Eligibility You must have&hellip;<\/p>","protected":false},"author":12,"featured_media":0,"parent":0,"menu_order":0,"comment_status":"closed","ping_status":"closed","template":"","meta":{"footnotes":""},"class_list":["post-49433","page","type-page","status-publish","hentry","description-off"],"yoast_head":"<!-- This site is optimized with the Yoast SEO Premium plugin v27.4 (Yoast SEO v27.4) - https:\/\/yoast.com\/product\/yoast-seo-premium-wordpress\/ -->\n<title>Tridens EV Charge App - Terms of Use - Tridens<\/title>\n<meta name=\"robots\" content=\"index, follow, max-snippet:-1, max-image-preview:large, max-video-preview:-1\" \/>\n<link rel=\"canonical\" href=\"https:\/\/tridenstechnology.com\/pt\/termos-de-utilizacao-da-aplicacao-tridens-ev-charge\/\" \/>\n<meta property=\"og:locale\" content=\"pt_PT\" \/>\n<meta property=\"og:type\" content=\"article\" \/>\n<meta property=\"og:title\" content=\"Tridens EV Charge App - Terms of Use\" \/>\n<meta property=\"og:description\" content=\"Introduction Welcome to the Tridens EV Charge application (the &#8220;Application&#8221;). These Terms of Use (&#8220;Terms&#8221;) govern your use of our Application and services. By accessing or using the Application, you agree to be bound by these Terms. If you do not agree to these Terms, you may not use the Application. Eligibility You must have&hellip;\" \/>\n<meta property=\"og:url\" content=\"https:\/\/tridenstechnology.com\/pt\/termos-de-utilizacao-da-aplicacao-tridens-ev-charge\/\" \/>\n<meta property=\"og:site_name\" content=\"Tridens\" \/>\n<meta property=\"article:publisher\" content=\"https:\/\/www.facebook.com\/tridenstechnology\" \/>\n<meta property=\"article:modified_time\" content=\"2024-10-03T14:41:34+00:00\" \/>\n<meta property=\"og:image\" content=\"https:\/\/d2xqcz296oofyv.cloudfront.net\/wp-content\/uploads\/2019\/09\/tridens-monetization-black.png\" \/>\n\t<meta property=\"og:image:width\" content=\"1504\" \/>\n\t<meta property=\"og:image:height\" content=\"493\" \/>\n\t<meta property=\"og:image:type\" content=\"image\/png\" \/>\n<meta name=\"twitter:card\" content=\"summary_large_image\" \/>\n<meta name=\"twitter:site\" content=\"@TridensTech\" \/>\n<meta name=\"twitter:label1\" content=\"Tempo estimado de leitura\" \/>\n\t<meta name=\"twitter:data1\" content=\"3 minutos\" \/>\n<!-- \/ Yoast SEO Premium plugin. -->","yoast_head_json":{"title":"Aplica\u00e7\u00e3o Tridens EV Charge - Termos de utiliza\u00e7\u00e3o - Tridens","robots":{"index":"index","follow":"follow","max-snippet":"max-snippet:-1","max-image-preview":"max-image-preview:large","max-video-preview":"max-video-preview:-1"},"canonical":"https:\/\/tridenstechnology.com\/pt\/termos-de-utilizacao-da-aplicacao-tridens-ev-charge\/","og_locale":"pt_PT","og_type":"article","og_title":"Tridens EV Charge App - Terms of Use","og_description":"Introduction Welcome to the Tridens EV Charge application (the &#8220;Application&#8221;). These Terms of Use (&#8220;Terms&#8221;) govern your use of our Application and services. By accessing or using the Application, you agree to be bound by these Terms. If you do not agree to these Terms, you may not use the Application. Eligibility You must have&hellip;","og_url":"https:\/\/tridenstechnology.com\/pt\/termos-de-utilizacao-da-aplicacao-tridens-ev-charge\/","og_site_name":"Tridens","article_publisher":"https:\/\/www.facebook.com\/tridenstechnology","article_modified_time":"2024-10-03T14:41:34+00:00","og_image":[{"width":1504,"height":493,"url":"https:\/\/d2xqcz296oofyv.cloudfront.net\/wp-content\/uploads\/2019\/09\/tridens-monetization-black.png","type":"image\/png"}],"twitter_card":"summary_large_image","twitter_site":"@TridensTech","twitter_misc":{"Tempo estimado de leitura":"3 minutos"},"schema":{"@context":"https:\/\/schema.org","@graph":[{"@type":"WebPage","@id":"https:\/\/tridenstechnology.com\/tridens-ev-charge-app-terms-of-use\/","url":"https:\/\/tridenstechnology.com\/tridens-ev-charge-app-terms-of-use\/","name":"Aplica\u00e7\u00e3o Tridens EV Charge - Termos de utiliza\u00e7\u00e3o - Tridens","isPartOf":{"@id":"https:\/\/tridenstechnology.com\/#website"},"datePublished":"2024-10-03T14:26:15+00:00","dateModified":"2024-10-03T14:41:34+00:00","breadcrumb":{"@id":"https:\/\/tridenstechnology.com\/tridens-ev-charge-app-terms-of-use\/#breadcrumb"},"inLanguage":"pt-PT","potentialAction":[{"@type":"ReadAction","target":["https:\/\/tridenstechnology.com\/tridens-ev-charge-app-terms-of-use\/"]}]},{"@type":"BreadcrumbList","@id":"https:\/\/tridenstechnology.com\/tridens-ev-charge-app-terms-of-use\/#breadcrumb","itemListElement":[{"@type":"ListItem","position":1,"name":"Home","item":"https:\/\/tridenstechnology.com\/"},{"@type":"ListItem","position":2,"name":"Tridens EV Charge App &#8211; Terms of Use"}]},{"@type":"WebSite","@id":"https:\/\/tridenstechnology.com\/#website","url":"https:\/\/tridenstechnology.com\/","name":"Tridens","description":"Monetiza\u00e7\u00e3o, fatura\u00e7\u00e3o e carregamento de ve\u00edculos el\u00e9ctricos","publisher":{"@id":"https:\/\/tridenstechnology.com\/#organization"},"potentialAction":[{"@type":"SearchAction","target":{"@type":"EntryPoint","urlTemplate":"https:\/\/tridenstechnology.com\/?s={search_term_string}"},"query-input":{"@type":"PropertyValueSpecification","valueRequired":true,"valueName":"search_term_string"}}],"inLanguage":"pt-PT"},{"@type":"Organization","@id":"https:\/\/tridenstechnology.com\/#organization","name":"Tridens","url":"https:\/\/tridenstechnology.com\/","logo":{"@type":"ImageObject","inLanguage":"pt-PT","@id":"https:\/\/tridenstechnology.com\/#\/schema\/logo\/image\/","url":"https:\/\/d2xqcz296oofyv.cloudfront.net\/wp-content\/uploads\/2019\/02\/tridens_logo_invert.png","contentUrl":"https:\/\/d2xqcz296oofyv.cloudfront.net\/wp-content\/uploads\/2019\/02\/tridens_logo_invert.png","width":600,"height":191,"caption":"Tridens"},"image":{"@id":"https:\/\/tridenstechnology.com\/#\/schema\/logo\/image\/"},"sameAs":["https:\/\/www.facebook.com\/tridenstechnology","https:\/\/x.com\/TridensTech","https:\/\/www.instagram.com\/tridenstechnology\/","https:\/\/www.linkedin.com\/company\/tridens","https:\/\/www.youtube.com\/user\/TridensIT"]}]}},"_links":{"self":[{"href":"https:\/\/tridenstechnology.com\/pt\/wp-json\/wp\/v2\/pages\/49433","targetHints":{"allow":["GET"]}}],"collection":[{"href":"https:\/\/tridenstechnology.com\/pt\/wp-json\/wp\/v2\/pages"}],"about":[{"href":"https:\/\/tridenstechnology.com\/pt\/wp-json\/wp\/v2\/types\/page"}],"author":[{"embeddable":true,"href":"https:\/\/tridenstechnology.com\/pt\/wp-json\/wp\/v2\/users\/12"}],"replies":[{"embeddable":true,"href":"https:\/\/tridenstechnology.com\/pt\/wp-json\/wp\/v2\/comments?post=49433"}],"version-history":[{"count":0,"href":"https:\/\/tridenstechnology.com\/pt\/wp-json\/wp\/v2\/pages\/49433\/revisions"}],"wp:attachment":[{"href":"https:\/\/tridenstechnology.com\/pt\/wp-json\/wp\/v2\/media?parent=49433"}],"curies":[{"name":"wp","href":"https:\/\/api.w.org\/{rel}","templated":true}]}}