{"id":4282,"date":"2019-11-07T07:21:04","date_gmt":"2019-11-07T07:21:04","guid":{"rendered":"https:\/\/tridenstechnology.com\/?page_id=4282"},"modified":"2024-07-09T09:28:48","modified_gmt":"2024-07-09T07:28:48","slug":"termos-de-utilizacao","status":"publish","type":"page","link":"https:\/\/tridenstechnology.com\/pt\/terms-of-use\/","title":{"rendered":"Termos de Uso"},"content":{"rendered":"<p><strong>ATEN\u00c7\u00c3O: A UTILIZA\u00c7\u00c3O DESTE WEBSITE INDICA QUE LEU, COMPREENDEU E ACEITOU ESTES TERMOS DE UTILIZA\u00c7\u00c3O (\"TERMOS\") E CONCORDA EM FICAR VINCULADO A ELES E EM CUMPRIR TODA E QUALQUER LEI E REGULAMENTOS APLIC\u00c1VEIS. SE VOC\u00ca N\u00c3O ACEITAR ESTES TERMOS (\"TERMOS\"), N\u00c3O UTILIZE ESTE WEBSITE.<\/strong><\/p>\n<p>O Tridens pode rever estes Termos de Utiliza\u00e7\u00e3o (Termos) do Website Tridens em qualquer altura, actualizando esta publica\u00e7\u00e3o. Deve visitar esta p\u00e1gina de vez em quando para rever os Termos ent\u00e3o vigentes, porque eles s\u00e3o vinculativos para si. Algumas disposi\u00e7\u00f5es destes Termos podem ser substitu\u00eddas por avisos legais expressamente designados ou termos localizados em p\u00e1ginas particulares no Website (Site) do Tridens.<\/p>\n<h2>Utiliza\u00e7\u00e3o deste Site<\/h2>\n<p>A utiliza\u00e7\u00e3o do s\u00edtio Web Tridens (este s\u00edtio Web) \u00e9 regida por estes Termos. O conte\u00fado encontrado neste Site est\u00e1 protegido por direitos de autor e qualquer utiliza\u00e7\u00e3o n\u00e3o autorizada de qualquer material deste Site pode violar direitos de autor, marcas registadas e outras leis. Salvo indica\u00e7\u00e3o em contr\u00e1rio em avisos legais noutros locais deste S\u00edtio, Tridens d.o.o., Titova cesta 2a, 2000 Maribor, Eslov\u00e9nia, Uni\u00e3o Europeia, por este meio (\"Tridens\") autoriza-o a ver, copiar, imprimir e descarregar os materiais deste S\u00edtio apenas para seu uso pessoal, n\u00e3o comercial e apenas para fins informativos, desde que mantenha todos os direitos de autor e outros avisos de propriedade contidos no conte\u00fado original em quaisquer c\u00f3pias do conte\u00fado. N\u00e3o pode modificar o conte\u00fado deste S\u00edtio de forma alguma, nem reproduzir ou apresentar publicamente, executar, distribuir ou utiliz\u00e1-lo de outra forma para qualquer fim p\u00fablico ou comercial. Para efeitos dos presentes Termos, \u00e9 proibida qualquer utiliza\u00e7\u00e3o deste conte\u00fado em qualquer outro s\u00edtio Web ou ambiente inform\u00e1tico em rede para qualquer fim. N\u00e3o obstante o acima exposto, qualquer software e outro conte\u00fado que seja disponibilizado para transfer\u00eancia, acesso ou outra utiliza\u00e7\u00e3o a partir deste Site ser\u00e1 regido pelos seus pr\u00f3prios termos, condi\u00e7\u00f5es e avisos de licen\u00e7a. Se violar qualquer um destes Termos, a sua autoriza\u00e7\u00e3o para utilizar este Site termina automaticamente e deve destruir imediatamente quaisquer materiais descarregados ou impressos.<\/p>\n<p>Excepto como aqui expressamente declarado ou qualquer outra p\u00e1gina do Site, nada contido no Site pode ser interpretado como concedendo-lhe qualquer direito ou licen\u00e7a para usar qualquer dos direitos de propriedade intelectual encontrados neste Site, seja por preclus\u00e3o, implica\u00e7\u00e3o ou de outra forma.<\/p>\n<h2>Uso de Software<\/h2>\n<p>Se descarregar ou utilizar software deste Site (\"Software\"), o uso do Software est\u00e1 sujeito aos termos da licen\u00e7a do Contrato de Licen\u00e7a de Software que acompanha ou \u00e9 fornecido com o Software. N\u00e3o pode descarregar ou instalar o Software at\u00e9 que tenha lido e aceite os termos do Contrato de Licen\u00e7a do Software.<\/p>\n<h2>Privacidade, Protec\u00e7\u00e3o de Dados Pessoais, Cookies e Rastreio<\/h2>\n<p>No Tridens, entendemos que a privacidade \u00e9 uma quest\u00e3o importante para os visitantes do Site.<\/p>\n<p>Para obter informa\u00e7\u00f5es completas sobre Privacidade e Protec\u00e7\u00e3o de Dados Pessoais com respeito a este Site por favor consulte o nosso <a href=\"https:\/\/tridenstechnology.com\/privacy-policy\/\">Pol\u00edtica de Privacidade<\/a>. Para informa\u00e7\u00f5es sobre o uso de cookies e rastreamento de usu\u00e1rios neste Site, por favor verifique o nosso <a href=\"https:\/\/tridenstechnology.com\/privacy-policy\/\">Pol\u00edtica de Privacidade<\/a>.<\/p>\n<h2>Submiss\u00f5es de utilizadores<\/h2>\n<p>Qualquer material, informa\u00e7\u00e3o ou outra comunica\u00e7\u00e3o que transmitir ou publicar neste Site, ou no Tridens relativamente a este Site, ser\u00e1 considerado n\u00e3o-confidencial e n\u00e3o-propriet\u00e1rio (\"Envios do Utilizador\"). O Tridens \u00e9 o \u00fanico propriet\u00e1rio de todos os Envios de Utilizador. O Tridens n\u00e3o ter\u00e1 qualquer tipo de obriga\u00e7\u00e3o em rela\u00e7\u00e3o aos Envios do Utilizador e ser\u00e1 livre de utilizar os Envios do Utilizador sem restri\u00e7\u00f5es para qualquer finalidade (tais como utiliza\u00e7\u00e3o, reprodu\u00e7\u00e3o, modifica\u00e7\u00e3o, divulga\u00e7\u00e3o, (re)distribui\u00e7\u00e3o, exibi\u00e7\u00e3o p\u00fablica, etc.) e sem uma indica\u00e7\u00e3o da fonte. Tridens pode utilizar o conte\u00fado das Transfer\u00eancias do utilizador incluindo, mas n\u00e3o se limitando a, ideias, conceitos, conhecimentos, experi\u00eancia e t\u00e9cnicas, para qualquer finalidade, incluindo, mas n\u00e3o se limitando a, desenvolvimento, produ\u00e7\u00e3o e comercializa\u00e7\u00e3o de produtos\/servi\u00e7os que contenham Transfer\u00eancias do utilizador, excepto em caso de indica\u00e7\u00e3o expressa do visitante de que as Transfer\u00eancias do utilizador s\u00e3o consideradas confidenciais e\/ou em caso de indica\u00e7\u00e3o expressa da proibi\u00e7\u00e3o do uso das Transfer\u00eancias do utilizador. Tridens n\u00e3o vender\u00e1, partilhar\u00e1, ou alugar\u00e1 os Envios do Utilizador a terceiros de forma diferente da definida nestes Termos.<\/p>\n<p>Voc\u00ea est\u00e1 proibido de publicar ou transmitir de ou para este Site qualquer material ilegal, amea\u00e7ador, calunioso, difamat\u00f3rio, obsceno, pornogr\u00e1fico, ou outro material que viole qualquer lei aplic\u00e1vel.<\/p>\n<h2>Links para outros Websites<\/h2>\n<p>Os links para sites de terceiros neste Site s\u00e3o fornecidos apenas como uma conveni\u00eancia para si. O Tridens n\u00e3o analisou todos estes sites de terceiros e n\u00e3o controla e n\u00e3o \u00e9 respons\u00e1vel por nenhum destes sites ou pelo seu conte\u00fado. Assim, o Tridens n\u00e3o endossa ou faz quaisquer representa\u00e7\u00f5es, garantias ou outros compromissos sobre eles, ou qualquer informa\u00e7\u00e3o, software ou outros produtos ou materiais a\u00ed encontrados, ou quaisquer resultados que possam ser obtidos a partir da sua utiliza\u00e7\u00e3o. Se decidir aceder a qualquer dos sites de terceiros ligados a este Site, f\u00e1-lo-\u00e1 inteiramente por sua conta e risco.<\/p>\n<h2>Declara\u00e7\u00e3o de exonera\u00e7\u00e3o de responsabilidade<\/h2>\n<p>Os materiais e servi\u00e7os fornecidos neste Site s\u00e3o fornecidos \"tal como est\u00e3o\" sem qualquer tipo de garantias, incluindo garantias de comercializa\u00e7\u00e3o, adequa\u00e7\u00e3o a um determinado fim, ou n\u00e3o viola\u00e7\u00e3o da propriedade intelectual. Os materiais e servi\u00e7os s\u00e3o informa\u00e7\u00f5es de natureza geral apenas, que n\u00e3o se destinam a abordar as circunst\u00e2ncias espec\u00edficas de qualquer indiv\u00edduo ou entidade em particular, e n\u00e3o constituem aconselhamento profissional.<\/p>\n<p>O Tridens n\u00e3o garante a exactid\u00e3o e integridade dos materiais ou servi\u00e7os neste Site. Tridens pode fazer altera\u00e7\u00f5es aos materiais e servi\u00e7os neste S\u00edtio, ou aos produtos e pre\u00e7os neles descritos, em qualquer altura sem aviso pr\u00e9vio. Os materiais e servi\u00e7os neste S\u00edtio podem estar desactualizados, e o Tridens n\u00e3o se compromete a actualizar os materiais e servi\u00e7os neste S\u00edtio. As informa\u00e7\u00f5es publicadas neste Site podem referir-se a produtos, programas ou servi\u00e7os que n\u00e3o est\u00e3o dispon\u00edveis no seu pa\u00eds. Consulte o Tridens para informa\u00e7\u00f5es sobre os produtos, programas e servi\u00e7os que possam estar dispon\u00edveis para si.<\/p>\n<h2>Limita\u00e7\u00e3o de Responsabilidade Civil<\/h2>\n<p>EM NENHUM CASO TRIDENS, SEUS FORNECEDORES OU OUTROS TERCEIROS MENCIONADOS NESTE SITE SER\u00c3O RESPONS\u00c1VEIS POR QUAISQUER DANOS (INCLUINDO, SEM LIMITA\u00c7\u00c3O, AQUELES RESULTANTES DE LUCROS CESSANTES, PERDA DE DADOS OU INTERRUP\u00c7\u00c3O DE NEG\u00d3CIOS) DECORRENTES DO USO, INCAPACIDADE DE USO, OU DOS RESULTADOS DO USO DESTE SITE, DE QUAISQUER SITES LIGADOS A ESTE SITE, OU DOS MATERIAIS OU INFORMA\u00c7\u00d5ES OU SERVI\u00c7OS CONTIDOS EM QUALQUER OU TODOS ESSES SITES, QUER BASEADOS EM GARANTIA, CONTRATO, DELITO OU QUALQUER OUTRA TEORIA LEGAL E QUER SEJAM OU N\u00c3O AVISADOS DA POSSIBILIDADE DE TAIS DANOS. SE A SUA UTILIZA\u00c7\u00c3O DOS MATERIAIS, INFORMA\u00c7\u00d5ES OU SERVI\u00c7OS DESTE SITE RESULTAR NA NECESSIDADE DE MANUTEN\u00c7\u00c3O, REPARA\u00c7\u00c3O OU CORREC\u00c7\u00c3O DE EQUIPAMENTO OU DADOS, VOC\u00ca ASSUME TODOS OS CUSTOS.<\/p>\n<h2>Leis aplic\u00e1veis<\/h2>\n<p>Este Site opera sob as leis e jurisdi\u00e7\u00e3o da Rep\u00fablica da Eslov\u00e9nia.<\/p>\n<p>Voc\u00ea n\u00e3o pode utilizar ou exportar ou reexportar os materiais ou servi\u00e7os neste Site ou qualquer c\u00f3pia ou adapta\u00e7\u00e3o em viola\u00e7\u00e3o de quaisquer leis ou regulamentos aplic\u00e1veis, incluindo sem limita\u00e7\u00e3o as leis e regulamentos de exporta\u00e7\u00e3o relevantes em todo o mundo. Se optar por aceder a este Site, f\u00e1-lo por sua pr\u00f3pria iniciativa e \u00e9 respons\u00e1vel pelo cumprimento das leis locais aplic\u00e1veis.<\/p>\n<h2>Marcas Registadas<\/h2>\n<p>Quaisquer nomes, log\u00f3tipos, marcas comerciais ou marcas de servi\u00e7o que aparecem neste Site s\u00e3o marcas comerciais registadas do Tridens. N\u00e3o pode usar qualquer nome, log\u00f3tipo, marca comercial ou marca de servi\u00e7o sem a aprova\u00e7\u00e3o pr\u00e9via por escrito do seu leg\u00edtimo propriet\u00e1rio.<\/p>","protected":false},"excerpt":{"rendered":"<p>ATTENTION: THE USE OF THIS WEB SITE INDICATES THAT YOU HAVE READ, UNDERSTOOD AND ACCEPTED THESE TERMS OF USE (\u201cTERMS\u201d) AND YOU AGREE TO BE BOUND BY THEM AND TO COMPLY WITH ANY AND ALL APPLICABLE LAWS AND REGULATIONS. IF YOU DO NOT ACCEPT THESE TERMS (\u201cTERMS\u201d), DO NOT USE THIS WEB SITE. Tridens may&hellip;<\/p>","protected":false},"author":1,"featured_media":0,"parent":0,"menu_order":0,"comment_status":"closed","ping_status":"closed","template":"","meta":{"footnotes":""},"class_list":["post-4282","page","type-page","status-publish","hentry","description-off"],"yoast_head":"<!-- This site is optimized with the Yoast SEO Premium plugin v27.5 (Yoast SEO v27.5) - https:\/\/yoast.com\/product\/yoast-seo-premium-wordpress\/ -->\n<title>Terms of Use - Tridens<\/title>\n<meta name=\"description\" content=\"Use of Tridens web site is governed by these Terms. The content found on this Site is protected by copyright and any unauthorized use of any materials at this Site may violate copyright, trademark, and other laws.\" \/>\n<meta name=\"robots\" content=\"noindex, follow\" \/>\n<meta property=\"og:locale\" content=\"pt_PT\" \/>\n<meta property=\"og:type\" content=\"article\" \/>\n<meta property=\"og:title\" content=\"Terms of Use\" \/>\n<meta property=\"og:description\" content=\"Use of Tridens web site is governed by these Terms. The content found on this Site is protected by copyright and any unauthorized use of any materials at this Site may violate copyright, trademark, and other laws.\" \/>\n<meta property=\"og:url\" content=\"https:\/\/tridenstechnology.com\/pt\/termos-de-utilizacao\/\" \/>\n<meta property=\"og:site_name\" content=\"Tridens\" \/>\n<meta property=\"article:publisher\" content=\"https:\/\/www.facebook.com\/tridenstechnology\" \/>\n<meta property=\"article:modified_time\" content=\"2024-07-09T07:28:48+00:00\" \/>\n<meta property=\"og:image\" content=\"https:\/\/d2xqcz296oofyv.cloudfront.net\/wp-content\/uploads\/2019\/09\/tridens-monetization-black.png\" \/>\n\t<meta property=\"og:image:width\" content=\"1504\" \/>\n\t<meta property=\"og:image:height\" content=\"493\" \/>\n\t<meta property=\"og:image:type\" content=\"image\/png\" \/>\n<meta name=\"twitter:card\" content=\"summary_large_image\" \/>\n<meta name=\"twitter:site\" content=\"@TridensTech\" \/>\n<meta name=\"twitter:label1\" content=\"Tempo estimado de leitura\" \/>\n\t<meta name=\"twitter:data1\" content=\"6 minutos\" \/>\n<!-- \/ Yoast SEO Premium plugin. -->","yoast_head_json":{"title":"Termos de Utiliza\u00e7\u00e3o - Tridens","description":"O uso do website Tridens \u00e9 regido por estes Termos. O conte\u00fado encontrado neste Site \u00e9 protegido por direitos de autor e qualquer uso n\u00e3o autorizado de quaisquer materiais neste Site pode violar direitos de autor, marcas registadas, e outras leis.","robots":{"index":"noindex","follow":"follow"},"og_locale":"pt_PT","og_type":"article","og_title":"Terms of Use","og_description":"Use of Tridens web site is governed by these Terms. The content found on this Site is protected by copyright and any unauthorized use of any materials at this Site may violate copyright, trademark, and other laws.","og_url":"https:\/\/tridenstechnology.com\/pt\/termos-de-utilizacao\/","og_site_name":"Tridens","article_publisher":"https:\/\/www.facebook.com\/tridenstechnology","article_modified_time":"2024-07-09T07:28:48+00:00","og_image":[{"width":1504,"height":493,"url":"https:\/\/d2xqcz296oofyv.cloudfront.net\/wp-content\/uploads\/2019\/09\/tridens-monetization-black.png","type":"image\/png"}],"twitter_card":"summary_large_image","twitter_site":"@TridensTech","twitter_misc":{"Tempo estimado de leitura":"6 minutos"},"schema":{"@context":"https:\/\/schema.org","@graph":[{"@type":"WebPage","@id":"https:\/\/tridenstechnology.com\/terms-of-use\/","url":"https:\/\/tridenstechnology.com\/terms-of-use\/","name":"Termos de Utiliza\u00e7\u00e3o - Tridens","isPartOf":{"@id":"https:\/\/tridenstechnology.com\/#website"},"datePublished":"2019-11-07T07:21:04+00:00","dateModified":"2024-07-09T07:28:48+00:00","description":"O uso do website Tridens \u00e9 regido por estes Termos. O conte\u00fado encontrado neste Site \u00e9 protegido por direitos de autor e qualquer uso n\u00e3o autorizado de quaisquer materiais neste Site pode violar direitos de autor, marcas registadas, e outras leis.","breadcrumb":{"@id":"https:\/\/tridenstechnology.com\/terms-of-use\/#breadcrumb"},"inLanguage":"pt-PT","potentialAction":[{"@type":"ReadAction","target":["https:\/\/tridenstechnology.com\/terms-of-use\/"]}]},{"@type":"BreadcrumbList","@id":"https:\/\/tridenstechnology.com\/terms-of-use\/#breadcrumb","itemListElement":[{"@type":"ListItem","position":1,"name":"Home","item":"https:\/\/tridenstechnology.com\/"},{"@type":"ListItem","position":2,"name":"Terms of Use"}]},{"@type":"WebSite","@id":"https:\/\/tridenstechnology.com\/#website","url":"https:\/\/tridenstechnology.com\/","name":"Tridens","description":"Monetiza\u00e7\u00e3o, fatura\u00e7\u00e3o e carregamento de ve\u00edculos el\u00e9ctricos","publisher":{"@id":"https:\/\/tridenstechnology.com\/#organization"},"potentialAction":[{"@type":"SearchAction","target":{"@type":"EntryPoint","urlTemplate":"https:\/\/tridenstechnology.com\/?s={search_term_string}"},"query-input":{"@type":"PropertyValueSpecification","valueRequired":true,"valueName":"search_term_string"}}],"inLanguage":"pt-PT"},{"@type":"Organization","@id":"https:\/\/tridenstechnology.com\/#organization","name":"Tridens","url":"https:\/\/tridenstechnology.com\/","logo":{"@type":"ImageObject","inLanguage":"pt-PT","@id":"https:\/\/tridenstechnology.com\/#\/schema\/logo\/image\/","url":"https:\/\/d2xqcz296oofyv.cloudfront.net\/wp-content\/uploads\/2019\/02\/tridens_logo_invert.png","contentUrl":"https:\/\/d2xqcz296oofyv.cloudfront.net\/wp-content\/uploads\/2019\/02\/tridens_logo_invert.png","width":600,"height":191,"caption":"Tridens"},"image":{"@id":"https:\/\/tridenstechnology.com\/#\/schema\/logo\/image\/"},"sameAs":["https:\/\/www.facebook.com\/tridenstechnology","https:\/\/x.com\/TridensTech","https:\/\/www.instagram.com\/tridenstechnology\/","https:\/\/www.linkedin.com\/company\/tridens","https:\/\/www.youtube.com\/user\/TridensIT"]}]}},"_links":{"self":[{"href":"https:\/\/tridenstechnology.com\/pt\/wp-json\/wp\/v2\/pages\/4282","targetHints":{"allow":["GET"]}}],"collection":[{"href":"https:\/\/tridenstechnology.com\/pt\/wp-json\/wp\/v2\/pages"}],"about":[{"href":"https:\/\/tridenstechnology.com\/pt\/wp-json\/wp\/v2\/types\/page"}],"author":[{"embeddable":true,"href":"https:\/\/tridenstechnology.com\/pt\/wp-json\/wp\/v2\/users\/1"}],"replies":[{"embeddable":true,"href":"https:\/\/tridenstechnology.com\/pt\/wp-json\/wp\/v2\/comments?post=4282"}],"version-history":[{"count":0,"href":"https:\/\/tridenstechnology.com\/pt\/wp-json\/wp\/v2\/pages\/4282\/revisions"}],"wp:attachment":[{"href":"https:\/\/tridenstechnology.com\/pt\/wp-json\/wp\/v2\/media?parent=4282"}],"curies":[{"name":"wp","href":"https:\/\/api.w.org\/{rel}","templated":true}]}}