{"id":10763,"date":"2022-08-12T15:16:12","date_gmt":"2022-08-12T15:16:12","guid":{"rendered":"https:\/\/tridenstechnology.com\/?page_id=10763"},"modified":"2024-07-19T14:36:44","modified_gmt":"2024-07-19T12:36:44","slug":"politica-de-qualidade-da-seguranca-da-informacao","status":"publish","type":"page","link":"https:\/\/tridenstechnology.com\/pt\/quality-information-security-policy\/","title":{"rendered":"Pol\u00edtica de Qualidade &amp; Seguran\u00e7a da Informa\u00e7\u00e3o"},"content":{"rendered":"<div class=\"wpb-content-wrapper\"><div class=\"vc_row wpb_row vc_row-fluid\"><div class=\"wpb_column vc_column_container vc_col-sm-12\"><div class=\"vc_column-inner\"><div class=\"wpb_wrapper\"><div class=\"vc_empty_space  empty-space-35\"   style=\"height: 35px\"><span class=\"vc_empty_space_inner\"><\/span><\/div><div class=\"vc_empty_space  empty-space-130\"   style=\"height: 130px\"><span class=\"vc_empty_space_inner\"><\/span><\/div>\n\t<div class=\"wpb_text_column wpb_content_element\" >\n\t\t<div class=\"wpb_wrapper\">\n\t\t\t<p>O Tridens est\u00e1 empenhado no objectivo de alcan\u00e7ar os mais altos padr\u00f5es de qualidade. A qualidade constitui a base da nossa proposta de valor e da nossa imagem de marca. \u00c9 a pedra angular sobre a qual o Tridens constr\u00f3i rela\u00e7\u00f5es duradouras, onde somos essenciais para o sucesso dos nossos clientes e parceiros. Somos respons\u00e1veis por proteger a informa\u00e7\u00e3o no nosso trabalho di\u00e1rio e nos neg\u00f3cios com os nossos clientes. Como empresa com vasta experi\u00eancia e conhecimento no desenvolvimento de solu\u00e7\u00f5es de informa\u00e7\u00e3o complexas e abrangentes para os clientes, a protec\u00e7\u00e3o, disponibilidade e integridade da informa\u00e7\u00e3o s\u00e3o importantes para n\u00f3s.<\/p>\n<p>\u00c9 pol\u00edtica do Tridens fornecer produtos e servi\u00e7os de classe mundial atrav\u00e9s dos sectores e disciplinas prestados, com base nos seguintes preceitos:<\/p>\n<ul>\n<li><strong>Foco no cliente:<\/strong> Comprometemo-nos a compreender as necessidades dos nossos clientes actuais e futuros, satisfazendo as suas necessidades e esfor\u00e7ando-nos por exceder as suas expectativas.<\/li>\n<li><strong>Lideran\u00e7a:<\/strong> A nossa Alta Direc\u00e7\u00e3o est\u00e1 empenhada em criar e manter um ambiente de trabalho onde as pessoas se envolvam plenamente na realiza\u00e7\u00e3o dos nossos objectivos.<\/li>\n<li><strong>Envolvimento das pessoas:<\/strong> Reconhecemos que as pessoas s\u00e3o a ess\u00eancia de qualquer bom neg\u00f3cio e que o seu pleno envolvimento permite que as suas capacidades sejam utilizadas em nosso benef\u00edcio.<\/li>\n<li><strong>Abordagem do processo:<\/strong> Entendemos que o resultado desejado \u00e9 alcan\u00e7ado de forma mais eficiente quando as actividades e recursos relacionados s\u00e3o geridos como um processo ou uma s\u00e9rie de processos interligados.<br \/>\nMelhoramento: Estamos empenhados em melhorar todos os aspectos do nosso sistema de gest\u00e3o da qualidade. Este \u00e9 um dos nossos principais objectivos anuais.<\/li>\n<li><strong>Tomada de decis\u00e3o baseada em provas:<\/strong> Estamos empenhados em tomar decis\u00f5es relacionadas com o nosso sistema de qualidade ap\u00f3s uma an\u00e1lise dos dados e informa\u00e7\u00f5es relevantes.<\/li>\n<li><strong>Gest\u00e3o das rela\u00e7\u00f5es:<\/strong> Tridens reconhece que uma organiza\u00e7\u00e3o e a sua rela\u00e7\u00e3o com os seus fornecedores externos s\u00e3o interdependentes e que uma rela\u00e7\u00e3o mutuamente ben\u00e9fica aumenta a capacidade de criar valor.<\/li>\n<li><strong>Requisitos regulamentares:<\/strong> O Tridens est\u00e1 empenhado em cumprir todos os requisitos regulamentares aplic\u00e1veis.<\/li>\n<\/ul>\n<p>&nbsp;<\/p>\n<p>Para implementar esta pol\u00edtica, o Tridens estabeleceu um Sistema de Gest\u00e3o da Qualidade (SGQ) em conformidade com os requisitos das normas ISO 9001:2015 e ISO\/IEC 27001:2013. O SGQ tem como objectivo:<\/p>\n<ul>\n<li>processos bem definidos e pap\u00e9is definidos durante a aquisi\u00e7\u00e3o e implementa\u00e7\u00e3o de um neg\u00f3cio, bem como a contrata\u00e7\u00e3o de pessoal;<\/li>\n<li>compreens\u00e3o clara dos pap\u00e9is e responsabilidades dentro da organiza\u00e7\u00e3o;<br \/>\naplica\u00e7\u00e3o sistem\u00e1tica das fun\u00e7\u00f5es e pr\u00e1ticas organizacionais existentes, bem como a introdu\u00e7\u00e3o de melhorias em toda a organiza\u00e7\u00e3o para assegurar o mesmo n\u00edvel de servi\u00e7os em todos os n\u00edveis da organiza\u00e7\u00e3o;<\/li>\n<li>implementa\u00e7\u00e3o sistem\u00e1tica de pol\u00edticas de gest\u00e3o da seguran\u00e7a da informa\u00e7\u00e3o;<br \/>\nAumentar a efici\u00eancia do sistema de gest\u00e3o da seguran\u00e7a da informa\u00e7\u00e3o;<br \/>\nAumentar a consci\u00eancia dos empregados;<\/li>\n<li>Reduzir a probabilidade da ocorr\u00eancia de eventos de seguran\u00e7a da informa\u00e7\u00e3o;<br \/>\nmais simples e eficaz a bordo e a orienta\u00e7\u00e3o de novos empregados em todas as posi\u00e7\u00f5es na organiza\u00e7\u00e3o do Tridens.<\/li>\n<\/ul>\n<p>&nbsp;<\/p>\n<p>Os nossos l\u00edderes s\u00e3o respons\u00e1veis por compreender como os clientes interagem connosco, definindo medi\u00e7\u00f5es e objectivos de melhoria, e conduzindo ac\u00e7\u00f5es para alcan\u00e7ar os objectivos de qualidade e seguran\u00e7a da informa\u00e7\u00e3o.<\/p>\n<p>O nosso objectivo \u00e9 fornecer valor aos nossos clientes quando eles interagem connosco directamente ou atrav\u00e9s dos nossos parceiros comerciais em todos os mercados geogr\u00e1ficos que servimos. Ouvimos o feedback dos nossos clientes e usamos os conhecimentos para melhorar a sua experi\u00eancia e qualidade. A decis\u00e3o do cliente de escolher e recomendar-nos aos seus parceiros de neg\u00f3cio, colegas e amigos far\u00e1 parte de como iremos medir o sucesso.<\/p>\n<p>O segundo objectivo da pol\u00edtica \u00e9 determinar a import\u00e2ncia da informa\u00e7\u00e3o para as opera\u00e7\u00f5es da empresa e proteg\u00ea-la adequadamente em termos de assegurar a confidencialidade, integridade e disponibilidade:<\/p>\n<ul>\n<li>Protec\u00e7\u00e3o de informa\u00e7\u00e3o contra acesso n\u00e3o autorizado, permitindo o acesso apenas a pessoas autorizadas (<strong>confidencialidade<\/strong>).<\/li>\n<li>Manter a integridade da informa\u00e7\u00e3o, assegurando a forma\u00e7\u00e3o dos empregados e parceiros contratuais para o processamento seguro da informa\u00e7\u00e3o e evitando altera\u00e7\u00f5es n\u00e3o autorizadas atrav\u00e9s de controlos organizacionais e t\u00e9cnicos (<strong>integridade<\/strong>).<\/li>\n<li>Disponibilizar informa\u00e7\u00e3o a pessoas autorizadas dentro de um prazo razo\u00e1vel (<strong>disponibilidade<\/strong>).<\/li>\n<\/ul>\n<p>&nbsp;<\/p>\n<p>O Tridens implementou um Programa de Auditoria Interna para assegurar que a adequa\u00e7\u00e3o e conformidade cont\u00ednua do SGQ s\u00e3o asseguradas. O QMS tem o apoio total da direc\u00e7\u00e3o e dos funcion\u00e1rios da empresa.<\/p>\n<p>&nbsp;<\/p>\n<p>Os certificados abaixo s\u00e3o a prova do nosso alinhamento com os padr\u00f5es de qualidade e seguran\u00e7a:<\/p>\n<ul>\n<li><a href=\"https:\/\/tridenstechnology.com\/ISO-27001-Certificate\">ISO 27001:2013<\/a>: Esta certifica\u00e7\u00e3o indica o nosso compromisso com os mais elevados padr\u00f5es de gest\u00e3o da seguran\u00e7a da informa\u00e7\u00e3o.<\/li>\n<li><a href=\"https:\/\/tridenstechnology.com\/ISO-9001-Certificate\">ISO 9001:2015<\/a>: Esta certifica\u00e7\u00e3o demonstra o nosso compromisso com a gest\u00e3o da qualidade e a implementa\u00e7\u00e3o dos mais elevados padr\u00f5es nas nossas opera\u00e7\u00f5es e processos.<\/li>\n<\/ul>\n<p>&nbsp;<\/p>\n<p>Data: 9.7.2024<\/p>\n\n\t\t<\/div>\n\t<\/div>\n<\/div><\/div><\/div><\/div>\n<\/div>","protected":false},"excerpt":{"rendered":"<p>Tridens is committed to the goal of achieving the highest standards of quality. Quality forms the basis of our value proposition and our brand image. It is the cornerstone upon which Tridens builds lasting relationships, where we are essential for our clients&#8217; and partners&#8217; success. We are responsible for protecting the information in our daily&hellip;<\/p>","protected":false},"author":6,"featured_media":0,"parent":0,"menu_order":0,"comment_status":"closed","ping_status":"closed","template":"","meta":{"footnotes":""},"class_list":["post-10763","page","type-page","status-publish","hentry","description-off"],"yoast_head":"<!-- This site is optimized with the Yoast SEO Premium plugin v27.5 (Yoast SEO v27.5) - https:\/\/yoast.com\/product\/yoast-seo-premium-wordpress\/ -->\n<title>Quality &amp; Information Security Policy - Tridens<\/title>\n<meta name=\"description\" content=\"The quality and privacy policy sets out how we may collect and process your data.\" \/>\n<meta name=\"robots\" content=\"index, follow, max-snippet:-1, max-image-preview:large, max-video-preview:-1\" \/>\n<link rel=\"canonical\" href=\"https:\/\/tridenstechnology.com\/pt\/politica-de-qualidade-da-seguranca-da-informacao\/\" \/>\n<meta property=\"og:locale\" content=\"pt_PT\" \/>\n<meta property=\"og:type\" content=\"article\" \/>\n<meta property=\"og:title\" content=\"Quality &amp; Information Security Policy\" \/>\n<meta property=\"og:description\" content=\"The quality and privacy policy sets out how we may collect and process your data.\" \/>\n<meta property=\"og:url\" content=\"https:\/\/tridenstechnology.com\/pt\/politica-de-qualidade-da-seguranca-da-informacao\/\" \/>\n<meta property=\"og:site_name\" content=\"Tridens\" \/>\n<meta property=\"article:publisher\" content=\"https:\/\/www.facebook.com\/tridenstechnology\" \/>\n<meta property=\"article:modified_time\" content=\"2024-07-19T12:36:44+00:00\" \/>\n<meta property=\"og:image\" content=\"https:\/\/d2xqcz296oofyv.cloudfront.net\/wp-content\/uploads\/2019\/09\/tridens-monetization-black.png\" \/>\n\t<meta property=\"og:image:width\" content=\"1504\" \/>\n\t<meta property=\"og:image:height\" content=\"493\" \/>\n\t<meta property=\"og:image:type\" content=\"image\/png\" \/>\n<meta name=\"twitter:card\" content=\"summary_large_image\" \/>\n<meta name=\"twitter:site\" content=\"@TridensTech\" \/>\n<meta name=\"twitter:label1\" content=\"Tempo estimado de leitura\" \/>\n\t<meta name=\"twitter:data1\" content=\"4 minutos\" \/>\n<!-- \/ Yoast SEO Premium plugin. -->","yoast_head_json":{"title":"Pol\u00edtica de Qualidade &amp; Seguran\u00e7a da Informa\u00e7\u00e3o - Tridens","description":"A pol\u00edtica de qualidade e privacidade define a forma como podemos recolher e processar os seus dados.","robots":{"index":"index","follow":"follow","max-snippet":"max-snippet:-1","max-image-preview":"max-image-preview:large","max-video-preview":"max-video-preview:-1"},"canonical":"https:\/\/tridenstechnology.com\/pt\/politica-de-qualidade-da-seguranca-da-informacao\/","og_locale":"pt_PT","og_type":"article","og_title":"Quality & Information Security Policy","og_description":"The quality and privacy policy sets out how we may collect and process your data.","og_url":"https:\/\/tridenstechnology.com\/pt\/politica-de-qualidade-da-seguranca-da-informacao\/","og_site_name":"Tridens","article_publisher":"https:\/\/www.facebook.com\/tridenstechnology","article_modified_time":"2024-07-19T12:36:44+00:00","og_image":[{"width":1504,"height":493,"url":"https:\/\/d2xqcz296oofyv.cloudfront.net\/wp-content\/uploads\/2019\/09\/tridens-monetization-black.png","type":"image\/png"}],"twitter_card":"summary_large_image","twitter_site":"@TridensTech","twitter_misc":{"Tempo estimado de leitura":"4 minutos"},"schema":{"@context":"https:\/\/schema.org","@graph":[{"@type":"WebPage","@id":"https:\/\/tridenstechnology.com\/quality-information-security-policy\/","url":"https:\/\/tridenstechnology.com\/quality-information-security-policy\/","name":"Pol\u00edtica de Qualidade &amp; Seguran\u00e7a da Informa\u00e7\u00e3o - Tridens","isPartOf":{"@id":"https:\/\/tridenstechnology.com\/#website"},"datePublished":"2022-08-12T15:16:12+00:00","dateModified":"2024-07-19T12:36:44+00:00","description":"A pol\u00edtica de qualidade e privacidade define a forma como podemos recolher e processar os seus dados.","breadcrumb":{"@id":"https:\/\/tridenstechnology.com\/quality-information-security-policy\/#breadcrumb"},"inLanguage":"pt-PT","potentialAction":[{"@type":"ReadAction","target":["https:\/\/tridenstechnology.com\/quality-information-security-policy\/"]}]},{"@type":"BreadcrumbList","@id":"https:\/\/tridenstechnology.com\/quality-information-security-policy\/#breadcrumb","itemListElement":[{"@type":"ListItem","position":1,"name":"Home","item":"https:\/\/tridenstechnology.com\/"},{"@type":"ListItem","position":2,"name":"Quality &#038; Information Security Policy"}]},{"@type":"WebSite","@id":"https:\/\/tridenstechnology.com\/#website","url":"https:\/\/tridenstechnology.com\/","name":"Tridens","description":"Monetiza\u00e7\u00e3o, fatura\u00e7\u00e3o e carregamento de ve\u00edculos el\u00e9ctricos","publisher":{"@id":"https:\/\/tridenstechnology.com\/#organization"},"potentialAction":[{"@type":"SearchAction","target":{"@type":"EntryPoint","urlTemplate":"https:\/\/tridenstechnology.com\/?s={search_term_string}"},"query-input":{"@type":"PropertyValueSpecification","valueRequired":true,"valueName":"search_term_string"}}],"inLanguage":"pt-PT"},{"@type":"Organization","@id":"https:\/\/tridenstechnology.com\/#organization","name":"Tridens","url":"https:\/\/tridenstechnology.com\/","logo":{"@type":"ImageObject","inLanguage":"pt-PT","@id":"https:\/\/tridenstechnology.com\/#\/schema\/logo\/image\/","url":"https:\/\/d2xqcz296oofyv.cloudfront.net\/wp-content\/uploads\/2019\/02\/tridens_logo_invert.png","contentUrl":"https:\/\/d2xqcz296oofyv.cloudfront.net\/wp-content\/uploads\/2019\/02\/tridens_logo_invert.png","width":600,"height":191,"caption":"Tridens"},"image":{"@id":"https:\/\/tridenstechnology.com\/#\/schema\/logo\/image\/"},"sameAs":["https:\/\/www.facebook.com\/tridenstechnology","https:\/\/x.com\/TridensTech","https:\/\/www.instagram.com\/tridenstechnology\/","https:\/\/www.linkedin.com\/company\/tridens","https:\/\/www.youtube.com\/user\/TridensIT"]}]}},"_links":{"self":[{"href":"https:\/\/tridenstechnology.com\/pt\/wp-json\/wp\/v2\/pages\/10763","targetHints":{"allow":["GET"]}}],"collection":[{"href":"https:\/\/tridenstechnology.com\/pt\/wp-json\/wp\/v2\/pages"}],"about":[{"href":"https:\/\/tridenstechnology.com\/pt\/wp-json\/wp\/v2\/types\/page"}],"author":[{"embeddable":true,"href":"https:\/\/tridenstechnology.com\/pt\/wp-json\/wp\/v2\/users\/6"}],"replies":[{"embeddable":true,"href":"https:\/\/tridenstechnology.com\/pt\/wp-json\/wp\/v2\/comments?post=10763"}],"version-history":[{"count":0,"href":"https:\/\/tridenstechnology.com\/pt\/wp-json\/wp\/v2\/pages\/10763\/revisions"}],"wp:attachment":[{"href":"https:\/\/tridenstechnology.com\/pt\/wp-json\/wp\/v2\/media?parent=10763"}],"curies":[{"name":"wp","href":"https:\/\/api.w.org\/{rel}","templated":true}]}}