{"id":49433,"date":"2024-10-03T16:26:15","date_gmt":"2024-10-03T14:26:15","guid":{"rendered":"https:\/\/tridenstechnology.com\/?page_id=49433"},"modified":"2024-10-03T16:41:34","modified_gmt":"2024-10-03T14:41:34","slug":"warunki-uzytkowania-aplikacji-tridens-ev-charge","status":"publish","type":"page","link":"https:\/\/tridenstechnology.com\/pl\/tridens-ev-charge-app-terms-of-use\/","title":{"rendered":"Aplikacja Tridens EV Charge - Warunki u\u017cytkowania"},"content":{"rendered":"<h2 class=\"wp-block-heading\" id=\"h-introduction\">Wprowadzenie<\/h2>\n\n\n\n<p>Witamy w aplikacji Tridens EV Charge (\u201cAplikacja\u201d). Niniejsze Warunki u\u017cytkowania (\u201cWarunki\u201d) reguluj\u0105 korzystanie przez Pa\u0144stwa z naszej Aplikacji i us\u0142ug. Uzyskuj\u0105c dost\u0119p do Aplikacji lub korzystaj\u0105c z niej, wyra\u017caj\u0105 Pa\u0144stwo zgod\u0119 na przestrzeganie niniejszych Warunk\u00f3w. Je\u015bli nie wyra\u017caj\u0105 Pa\u0144stwo zgody na niniejsze Warunki, nie mog\u0105 Pa\u0144stwo korzysta\u0107 z Aplikacji.<\/p>\n\n\n\n<h2 class=\"wp-block-heading\" id=\"h-eligibility\">Kwalifikowalno\u015b\u0107<\/h2>\n\n\n\n<p>Aby korzysta\u0107 z Aplikacji, musz\u0105 Pa\u0144stwo posiada\u0107 zdolno\u015b\u0107 prawn\u0105 do zawarcia niniejszej umowy. Korzystaj\u0105c z Aplikacji, o\u015bwiadczaj\u0105 Pa\u0144stwo i gwarantuj\u0105, \u017ce spe\u0142niaj\u0105 Pa\u0144stwo te wymagania kwalifikacyjne.<\/p>\n\n\n\n<h2 class=\"wp-block-heading\" id=\"h-use-of-application\">Korzystanie z aplikacji<\/h2>\n\n\n\n<p>Aplikacja jest udost\u0119pniana do Pa\u0144stwa osobistego lub autoryzowanego u\u017cytku biznesowego. Zgadzaj\u0105 si\u0119 Pa\u0144stwo korzysta\u0107 z Aplikacji zgodnie ze wszystkimi obowi\u0105zuj\u0105cymi przepisami prawa i regulacjami. Ponosz\u0105 Pa\u0144stwo odpowiedzialno\u015b\u0107 za wszelkie dzia\u0142ania podejmowane w ramach Pa\u0144stwa konta.<\/p>\n\n\n\n<h2 class=\"wp-block-heading\" id=\"h-account-security\">Bezpiecze\u0144stwo konta<\/h2>\n\n\n\n<p>U\u017cytkownik jest odpowiedzialny za zachowanie poufno\u015bci informacji dotycz\u0105cych swojego konta, w tym nazwy u\u017cytkownika i has\u0142a. Zgadzaj\u0105 si\u0119 Pa\u0144stwo niezw\u0142ocznie powiadomi\u0107 nas o ka\u017cdym nieautoryzowanym u\u017cyciu Pa\u0144stwa konta lub jakimkolwiek innym naruszeniu bezpiecze\u0144stwa. Nie ponosimy odpowiedzialno\u015bci za jakiekolwiek straty lub szkody wynikaj\u0105ce z nieprzestrzegania przez Pa\u0144stwa tego obowi\u0105zku bezpiecze\u0144stwa.<\/p>\n\n\n\n<h2 class=\"wp-block-heading\" id=\"h-service-availability\">Dost\u0119pno\u015b\u0107 us\u0142ug<\/h2>\n\n\n\n<p>Dok\u0142adamy wszelkich stara\u0144, aby Aplikacja dzia\u0142a\u0142a wydajnie i niezawodnie. Nie gwarantujemy jednak, \u017ce Aplikacja b\u0119dzie zawsze dost\u0119pna, wolna od b\u0142\u0119d\u00f3w lub bezpieczna. Zastrzegamy sobie prawo do zawieszenia, ograniczenia lub zaprzestania dowolnej cz\u0119\u015bci Aplikacji w dowolnym momencie, z powiadomieniem lub bez niego<\/p>\n\n\n\n<h2 class=\"wp-block-heading\" id=\"h-cancellation-of-service\">Anulowanie us\u0142ugi<\/h2>\n\n\n\n<p>Zastrzegamy sobie prawo do anulowania lub zako\u0144czenia Pa\u0144stwa dost\u0119pu do Aplikacji i powi\u0105zanych us\u0142ug w dowolnym momencie, z dowolnego powodu i bez \u017cadnych zobowi\u0105za\u0144 wobec Pa\u0144stwa. Obejmuje to mi\u0119dzy innymi naruszenia niniejszych Warunk\u00f3w lub niew\u0142a\u015bciwe korzystanie z Aplikacji. Po anulowaniu Pa\u0144stwa dost\u0119p do Aplikacji zostanie natychmiast cofni\u0119ty<\/p>\n\n\n\n<h2 class=\"wp-block-heading\" id=\"h-intellectual-property\">W\u0142asno\u015b\u0107 intelektualna<\/h2>\n\n\n\n<p>Wszystkie tre\u015bci, elementy projektu i inne materia\u0142y zwi\u0105zane z Aplikacj\u0105 s\u0105 w\u0142asno\u015bci\u0105 Tridens lub jej licencjodawc\u00f3w i s\u0105 chronione prawem w\u0142asno\u015bci intelektualnej. Otrzymuj\u0105 Pa\u0144stwo ograniczon\u0105, niewy\u0142\u0105czn\u0105 licencj\u0119 na dost\u0119p i korzystanie z Aplikacji do cel\u00f3w osobistych lub autoryzowanych cel\u00f3w biznesowych.<\/p>\n\n\n\n<h2 class=\"wp-block-heading\" id=\"h-limitation-of-liability\">Ograniczenie odpowiedzialno\u015bci<\/h2>\n\n\n\n<p>W najszerszym zakresie dozwolonym przez obowi\u0105zuj\u0105ce prawo, Tridens nie ponosi odpowiedzialno\u015bci za jakiekolwiek szkody wynikaj\u0105ce z lub w zwi\u0105zku z korzystaniem przez Pa\u0144stwa z Aplikacji. Obejmuje to szkody bezpo\u015brednie, po\u015brednie, przypadkowe, wt\u00f3rne lub moralne, wynikaj\u0105ce z korzystania, niew\u0142a\u015bciwego korzystania lub niemo\u017cno\u015bci korzystania z Aplikacji.<\/p>\n\n\n\n<h2 class=\"wp-block-heading\" id=\"h-changes-to-terms\">Zmiany warunk\u00f3w<\/h2>\n\n\n\n<p>Mo\u017cemy aktualizowa\u0107 lub modyfikowa\u0107 niniejsze Warunki w dowolnym momencie. Wszelkie zmiany wejd\u0105 w \u017cycie natychmiast po opublikowaniu zmienionych Warunk\u00f3w w Aplikacji. Dalsze korzystanie z Aplikacji po wprowadzeniu takich zmian stanowi Pa\u0144stwa akceptacj\u0119 zmienionych Warunk\u00f3w<\/p>\n\n\n\n<h2 class=\"wp-block-heading\" id=\"h-governing-law\">Prawo w\u0142a\u015bciwe<\/h2>\n\n\n\n<p>Aplikacja dzia\u0142a zgodnie z prawem i jurysdykcj\u0105 Republiki S\u0142owenii.<\/p>\n\n\n\n<p>Nie mog\u0105 Pa\u0144stwo wykorzystywa\u0107, eksportowa\u0107 lub reeksportowa\u0107 materia\u0142\u00f3w lub us\u0142ug zawartych w niniejszej aplikacji lub jakiejkolwiek ich kopii lub adaptacji z naruszeniem jakichkolwiek obowi\u0105zuj\u0105cych przepis\u00f3w prawa lub regulacji, w tym mi\u0119dzy innymi odpowiednich przepis\u00f3w i regulacji eksportowych na ca\u0142ym \u015bwiecie. Je\u015bli zdecyduj\u0105 si\u0119 Pa\u0144stwo uzyska\u0107 dost\u0119p do tej aplikacji, robi\u0105 to Pa\u0144stwo z w\u0142asnej inicjatywy i s\u0105 odpowiedzialni za przestrzeganie obowi\u0105zuj\u0105cych przepis\u00f3w prawa lokalnego.<\/p>\n\n\n\n<h2 class=\"wp-block-heading\" id=\"h-contact-information\">Informacje kontaktowe<\/h2>\n\n\n\n<p>W przypadku jakichkolwiek pyta\u0144 lub w\u0105tpliwo\u015bci dotycz\u0105cych niniejszych Warunk\u00f3w lub Aplikacji, prosimy skontaktowa\u0107 si\u0119 z nami pod adresem info@tridenstechnology.com.<\/p>\n\n\n\n<p><\/p>","protected":false},"excerpt":{"rendered":"<p>Introduction Welcome to the Tridens EV Charge application (the &#8220;Application&#8221;). These Terms of Use (&#8220;Terms&#8221;) govern your use of our Application and services. By accessing or using the Application, you agree to be bound by these Terms. If you do not agree to these Terms, you may not use the Application. Eligibility You must have&hellip;<\/p>","protected":false},"author":12,"featured_media":0,"parent":0,"menu_order":0,"comment_status":"closed","ping_status":"closed","template":"","meta":{"footnotes":""},"class_list":["post-49433","page","type-page","status-publish","hentry","description-off"],"yoast_head":"<!-- This site is optimized with the Yoast SEO Premium plugin v27.4 (Yoast SEO v27.4) - https:\/\/yoast.com\/product\/yoast-seo-premium-wordpress\/ -->\n<title>Tridens EV Charge App - Terms of Use - Tridens<\/title>\n<meta name=\"robots\" content=\"index, follow, max-snippet:-1, max-image-preview:large, max-video-preview:-1\" \/>\n<link rel=\"canonical\" href=\"https:\/\/tridenstechnology.com\/pl\/warunki-uzytkowania-aplikacji-tridens-ev-charge\/\" \/>\n<meta property=\"og:locale\" content=\"pl_PL\" \/>\n<meta property=\"og:type\" content=\"article\" \/>\n<meta property=\"og:title\" content=\"Tridens EV Charge App - Terms of Use\" \/>\n<meta property=\"og:description\" content=\"Introduction Welcome to the Tridens EV Charge application (the &#8220;Application&#8221;). These Terms of Use (&#8220;Terms&#8221;) govern your use of our Application and services. By accessing or using the Application, you agree to be bound by these Terms. If you do not agree to these Terms, you may not use the Application. Eligibility You must have&hellip;\" \/>\n<meta property=\"og:url\" content=\"https:\/\/tridenstechnology.com\/pl\/warunki-uzytkowania-aplikacji-tridens-ev-charge\/\" \/>\n<meta property=\"og:site_name\" content=\"Tridens\" \/>\n<meta property=\"article:publisher\" content=\"https:\/\/www.facebook.com\/tridenstechnology\" \/>\n<meta property=\"article:modified_time\" content=\"2024-10-03T14:41:34+00:00\" \/>\n<meta property=\"og:image\" content=\"https:\/\/d2xqcz296oofyv.cloudfront.net\/wp-content\/uploads\/2019\/09\/tridens-monetization-black.png\" \/>\n\t<meta property=\"og:image:width\" content=\"1504\" \/>\n\t<meta property=\"og:image:height\" content=\"493\" \/>\n\t<meta property=\"og:image:type\" content=\"image\/png\" \/>\n<meta name=\"twitter:card\" content=\"summary_large_image\" \/>\n<meta name=\"twitter:site\" content=\"@TridensTech\" \/>\n<meta name=\"twitter:label1\" content=\"Szacowany czas czytania\" \/>\n\t<meta name=\"twitter:data1\" content=\"3 minuty\" \/>\n<!-- \/ Yoast SEO Premium plugin. -->","yoast_head_json":{"title":"Aplikacja Tridens EV Charge - Warunki u\u017cytkowania - Tridens","robots":{"index":"index","follow":"follow","max-snippet":"max-snippet:-1","max-image-preview":"max-image-preview:large","max-video-preview":"max-video-preview:-1"},"canonical":"https:\/\/tridenstechnology.com\/pl\/warunki-uzytkowania-aplikacji-tridens-ev-charge\/","og_locale":"pl_PL","og_type":"article","og_title":"Tridens EV Charge App - Terms of Use","og_description":"Introduction Welcome to the Tridens EV Charge application (the &#8220;Application&#8221;). These Terms of Use (&#8220;Terms&#8221;) govern your use of our Application and services. By accessing or using the Application, you agree to be bound by these Terms. If you do not agree to these Terms, you may not use the Application. Eligibility You must have&hellip;","og_url":"https:\/\/tridenstechnology.com\/pl\/warunki-uzytkowania-aplikacji-tridens-ev-charge\/","og_site_name":"Tridens","article_publisher":"https:\/\/www.facebook.com\/tridenstechnology","article_modified_time":"2024-10-03T14:41:34+00:00","og_image":[{"width":1504,"height":493,"url":"https:\/\/d2xqcz296oofyv.cloudfront.net\/wp-content\/uploads\/2019\/09\/tridens-monetization-black.png","type":"image\/png"}],"twitter_card":"summary_large_image","twitter_site":"@TridensTech","twitter_misc":{"Szacowany czas czytania":"3 minuty"},"schema":{"@context":"https:\/\/schema.org","@graph":[{"@type":"WebPage","@id":"https:\/\/tridenstechnology.com\/tridens-ev-charge-app-terms-of-use\/","url":"https:\/\/tridenstechnology.com\/tridens-ev-charge-app-terms-of-use\/","name":"Aplikacja Tridens EV Charge - Warunki u\u017cytkowania - Tridens","isPartOf":{"@id":"https:\/\/tridenstechnology.com\/#website"},"datePublished":"2024-10-03T14:26:15+00:00","dateModified":"2024-10-03T14:41:34+00:00","breadcrumb":{"@id":"https:\/\/tridenstechnology.com\/tridens-ev-charge-app-terms-of-use\/#breadcrumb"},"inLanguage":"pl-PL","potentialAction":[{"@type":"ReadAction","target":["https:\/\/tridenstechnology.com\/tridens-ev-charge-app-terms-of-use\/"]}]},{"@type":"BreadcrumbList","@id":"https:\/\/tridenstechnology.com\/tridens-ev-charge-app-terms-of-use\/#breadcrumb","itemListElement":[{"@type":"ListItem","position":1,"name":"Home","item":"https:\/\/tridenstechnology.com\/"},{"@type":"ListItem","position":2,"name":"Tridens EV Charge App &#8211; Terms of Use"}]},{"@type":"WebSite","@id":"https:\/\/tridenstechnology.com\/#website","url":"https:\/\/tridenstechnology.com\/","name":"Tridens","description":"Monetyzacja, rozliczenia i \u0142adowanie pojazd\u00f3w elektrycznych","publisher":{"@id":"https:\/\/tridenstechnology.com\/#organization"},"potentialAction":[{"@type":"SearchAction","target":{"@type":"EntryPoint","urlTemplate":"https:\/\/tridenstechnology.com\/?s={search_term_string}"},"query-input":{"@type":"PropertyValueSpecification","valueRequired":true,"valueName":"search_term_string"}}],"inLanguage":"pl-PL"},{"@type":"Organization","@id":"https:\/\/tridenstechnology.com\/#organization","name":"Tridens","url":"https:\/\/tridenstechnology.com\/","logo":{"@type":"ImageObject","inLanguage":"pl-PL","@id":"https:\/\/tridenstechnology.com\/#\/schema\/logo\/image\/","url":"https:\/\/d2xqcz296oofyv.cloudfront.net\/wp-content\/uploads\/2019\/02\/tridens_logo_invert.png","contentUrl":"https:\/\/d2xqcz296oofyv.cloudfront.net\/wp-content\/uploads\/2019\/02\/tridens_logo_invert.png","width":600,"height":191,"caption":"Tridens"},"image":{"@id":"https:\/\/tridenstechnology.com\/#\/schema\/logo\/image\/"},"sameAs":["https:\/\/www.facebook.com\/tridenstechnology","https:\/\/x.com\/TridensTech","https:\/\/www.instagram.com\/tridenstechnology\/","https:\/\/www.linkedin.com\/company\/tridens","https:\/\/www.youtube.com\/user\/TridensIT"]}]}},"_links":{"self":[{"href":"https:\/\/tridenstechnology.com\/pl\/wp-json\/wp\/v2\/pages\/49433","targetHints":{"allow":["GET"]}}],"collection":[{"href":"https:\/\/tridenstechnology.com\/pl\/wp-json\/wp\/v2\/pages"}],"about":[{"href":"https:\/\/tridenstechnology.com\/pl\/wp-json\/wp\/v2\/types\/page"}],"author":[{"embeddable":true,"href":"https:\/\/tridenstechnology.com\/pl\/wp-json\/wp\/v2\/users\/12"}],"replies":[{"embeddable":true,"href":"https:\/\/tridenstechnology.com\/pl\/wp-json\/wp\/v2\/comments?post=49433"}],"version-history":[{"count":0,"href":"https:\/\/tridenstechnology.com\/pl\/wp-json\/wp\/v2\/pages\/49433\/revisions"}],"wp:attachment":[{"href":"https:\/\/tridenstechnology.com\/pl\/wp-json\/wp\/v2\/media?parent=49433"}],"curies":[{"name":"wp","href":"https:\/\/api.w.org\/{rel}","templated":true}]}}