{"id":11443,"date":"2022-09-29T06:58:27","date_gmt":"2022-09-29T06:58:27","guid":{"rendered":"https:\/\/tridenstechnology.com\/?page_id=11443"},"modified":"2025-06-27T13:27:39","modified_gmt":"2025-06-27T11:27:39","slug":"centrum-zasobow","status":"publish","type":"page","link":"https:\/\/tridenstechnology.com\/pl\/resource-center\/","title":{"rendered":"Zasoby"},"content":{"rendered":"<div class=\"wpb-content-wrapper\"><div data-vc-full-width=\"true\" data-vc-full-width-temp=\"true\" data-vc-full-width-init=\"false\" class=\"vc_row wpb_row vc_row-fluid vc_custom_1680084720246 vc_row-has-fill vc_row-o-equal-height vc_row-o-content-middle vc_row-flex\"><div class=\"wpb_column vc_column_container vc_col-sm-12\"><div class=\"vc_column-inner\"><div class=\"wpb_wrapper\"><div class=\"vc_empty_space  empty-space-130\"   style=\"height: 130px\"><span class=\"vc_empty_space_inner\"><\/span><\/div><div id=\"ultimate-heading-53366a01e833ac076\" class=\"uvc-heading ult-adjust-bottom-margin ultimate-heading-53366a01e833ac076 uvc-5935\" data-hspacer=\"no_spacer\"  data-halign=\"left\" style=\"text-align:left\"><div class=\"uvc-heading-spacer no_spacer\" style=\"top\"><\/div><div class=\"uvc-main-heading ult-responsive\"  data-ultimate-target='.uvc-heading.ultimate-heading-53366a01e833ac076 h1'  data-responsive-json-new='{\"font-size\":\"desktop:44px;tablet_portrait:30px;\",\"line-height\":\"desktop:54px;tablet_portrait:40px;\"}' ><h1 style=\"font-weight:bold;color:#ffffff;margin-bottom:50px;\">Zasoby Tridens<\/h1><\/div><div class=\"uvc-sub-heading ult-responsive\"  data-ultimate-target='.uvc-heading.ultimate-heading-53366a01e833ac076 .uvc-sub-heading '  data-responsive-json-new='{\"font-size\":\"desktop:22px;mobile_landscape:16px;\",\"line-height\":\"desktop:32px;mobile_landscape:26px;\"}'  style=\"font-style:italic;font-weight:normal;color:#ffffff;\"><\/p>\n<p style=\"color: #ffffff !important;\">Uzyskaj pomoc i wsparcie dotycz\u0105ce produkt\u00f3w tridens. Je\u015bli nie mo\u017cesz znale\u017a\u0107 odpowiedzi tutaj, skontaktuj si\u0119 z naszym pomocnym zespo\u0142em wsparcia.<\/p>\n<p><\/div><\/div><div class=\"vc_empty_space  empty-space-130\"   style=\"height: 130px\"><span class=\"vc_empty_space_inner\"><\/span><\/div><\/div><\/div><\/div><\/div><div class=\"vc_row-full-width vc_clearfix\"><\/div><!-- Row Backgrounds --><div class=\"upb_bg_img\" data-ultimate-bg=\"url(https://d2xqcz296oofyv.cloudfront.net/pl/https:\/\/d2xqcz296oofyv.cloudfront.net\/wp-content\/uploads\/2021\/11\/kc-blur-3.jpg)\" data-image-id=\"7907\" data-ultimate-bg-style=\"vcpb-default\" data-bg-img-repeat=\"repeat\" data-bg-img-size=\"cover\" data-bg-img-position=\"\" data-parallx_sense=\"30\" data-bg-override=\"0\" data-bg_img_attach=\"scroll\" data-upb-overlay-color=\"\" data-upb-bg-animation=\"\" data-fadeout=\"\" data-bg-animation=\"left-animation\" data-bg-animation-type=\"h\" data-animation-repeat=\"repeat\" data-fadeout-percentage=\"30\" data-parallax-content=\"\" data-parallax-content-sense=\"30\" data-row-effect-mobile-disable=\"true\" data-img-parallax-mobile-disable=\"true\" data-rtl=\"false\"  data-custom-vc-row=\"\"  data-vc=\"8.7.2\"  data-is_old_vc=\"\"  data-theme-support=\"\"   data-overlay=\"false\" data-overlay-color=\"\" data-overlay-pattern=\"\" data-overlay-pattern-opacity=\"\" data-overlay-pattern-size=\"\"    ><\/div><div class=\"vc_row wpb_row vc_row-fluid\"><div class=\"wpb_column vc_column_container vc_col-sm-6\"><div class=\"vc_column-inner\"><div class=\"wpb_wrapper\"><div id=\"ultimate-heading-17596a01e833ac6d1\" class=\"uvc-heading ult-adjust-bottom-margin ultimate-heading-17596a01e833ac6d1 uvc-6474\" data-hspacer=\"line_only\"  data-halign=\"left\" style=\"text-align:left\"><div class=\"uvc-main-heading ult-responsive\"  data-ultimate-target='.uvc-heading.ultimate-heading-17596a01e833ac6d1 h2'  data-responsive-json-new='{\"font-size\":\"desktop:18px;\",\"line-height\":\"\"}' ><h2 style=\"--font-weight:theme;color:#8e929b;\">Dowiedz si\u0119<\/h2><\/div><div class=\"uvc-heading-spacer line_only\" style=\"topheight:1px;\"><span class=\"uvc-headings-line\" style=\"border-style:solid;border-bottom-width:1px;border-color:#8e929b;width:-3px;\"><\/span><\/div><\/div><div class=\"vc_empty_space  empty-space-35\"   style=\"height: 35px\"><span class=\"vc_empty_space_inner\"><\/span><\/div>\n\t<div class=\"wpb_text_column wpb_content_element\" >\n\t\t<div class=\"wpb_wrapper\">\n\t\t\t<ul class=\"gradient-hover level-arrows-on\">\n<li class=\"menu-item menu-item-type-taxonomy menu-item-object-category menu-item-11388 first depth-1\"><a href=\"https:\/\/tridenstechnology.com\/blog\/\" data-level=\"2\"><span class=\"menu-item-text\">Blog<\/span><\/a><\/li>\n<li class=\"menu-item menu-item-type-taxonomy menu-item-object-category menu-item-11388 first depth-1\"><a href=\"https:\/\/tridenstechnology.com\/category\/glossary\/\" data-level=\"2\"><span class=\"menu-item-text\">S\u0142owniczek<\/span><\/a><\/li>\n<li class=\"menu-item menu-item-type-custom menu-item-object-custom menu-item-4010 depth-1\"><a href=\"\/resources\/?target=datasheets\">Arkusze danych<\/a><\/li>\n<li><a href=\"\/resources\/?target=infographics\">Infografika<\/a><\/li>\n<li><a href=\"\/resources\/?target=presentations\">Prezentacje<\/a><\/li>\n<li><a href=\"\/resources\/?target=ebooks\">eBooki<\/a><\/li>\n<li><a href=\"\/resources\/?target=videos\">Filmy<\/a><\/li>\n<li class=\"menu-item menu-item-type-custom menu-item-object-custom menu-item-11391 depth-1\"><a href=\"https:\/\/tridenstechnology.com\/resources\/?target=webinars\" data-level=\"2\"><span class=\"menu-item-text\">Webinaria<\/span><\/a><\/li>\n<li class=\"menu-item menu-item-type-post_type menu-item-object-page menu-item-8089 depth-1\"><a href=\"https:\/\/tridenstechnology.com\/knowledge-center\/\" data-level=\"2\"><span class=\"menu-item-text\">Dokumentacja<\/span><\/a><\/li>\n<li><a href=\"http:\/\/tridenstechnology.com\/case-studies\">Studia przypadk\u00f3w<\/a><\/li>\n<\/ul>\n\n\t\t<\/div>\n\t<\/div>\n<\/div><\/div><\/div><div class=\"wpb_column vc_column_container vc_col-sm-6\"><div class=\"vc_column-inner\"><div class=\"wpb_wrapper\"><div id=\"ultimate-heading-80066a01e833acaec\" class=\"uvc-heading ult-adjust-bottom-margin ultimate-heading-80066a01e833acaec uvc-2439\" data-hspacer=\"line_only\"  data-halign=\"left\" style=\"text-align:left\"><div class=\"uvc-main-heading ult-responsive\"  data-ultimate-target='.uvc-heading.ultimate-heading-80066a01e833acaec h2'  data-responsive-json-new='{\"font-size\":\"desktop:18px;\",\"line-height\":\"\"}' ><h2 style=\"--font-weight:theme;color:#8e929b;\">Pomoc dotycz\u0105ca produktu<\/h2><\/div><div class=\"uvc-heading-spacer line_only\" style=\"topheight:1px;\"><span class=\"uvc-headings-line\" style=\"border-style:solid;border-bottom-width:1px;border-color:#8e929b;width:-3px;\"><\/span><\/div><\/div><div class=\"vc_empty_space  empty-space-35\"   style=\"height: 35px\"><span class=\"vc_empty_space_inner\"><\/span><\/div><div class=\"vc_row wpb_row vc_inner vc_row-fluid\"><div class=\"wpb_column vc_column_container vc_col-sm-6\"><div class=\"vc_column-inner\"><div class=\"wpb_wrapper\">\n\t<div  class=\"wpb_single_image wpb_content_element vc_align_left  vc_custom_1664440183681  custom-icon big\">\n\t\t\n\t\t<figure class=\"wpb_wrapper vc_figure\">\n\t\t\t<a href=\"\/resources\/\" target=\"_self\"  class=\"vc_single_image-wrapper   vc_box_border_grey\"   ><img decoding=\"async\" width=\"120\" height=\"120\" src=\"https:\/\/d2xqcz296oofyv.cloudfront.net\/wp-content\/uploads\/2018\/01\/icon_a_04.png\" class=\"vc_single_image-img attachment-full\" alt=\"\" title=\"icon_a_04\"  data-dt-location=\"https:\/\/tridenstechnology.com\/pl\/icon_a_04\/\" \/><\/a>\n\t\t<\/figure>\n\t<\/div>\n<div id=\"ultimate-heading-44396a01e833ad4d1\" class=\"uvc-heading ult-adjust-bottom-margin ultimate-heading-44396a01e833ad4d1 uvc-4016\" data-hspacer=\"no_spacer\"  data-halign=\"left\" style=\"text-align:left\"><div class=\"uvc-heading-spacer no_spacer\" style=\"top\"><\/div><div class=\"uvc-main-heading ult-responsive\"  data-ultimate-target='.uvc-heading.ultimate-heading-44396a01e833ad4d1 span'  data-responsive-json-new='{\"font-size\":\"desktop:22px;\",\"line-height\":\"desktop:30px;\"}' ><span style=\"font-weight:bold;color:#151d46;margin-bottom:40px;\">Biblioteka<\/span><\/div><\/div>\n\t<div class=\"wpb_text_column wpb_content_element\" >\n\t\t<div class=\"wpb_wrapper\">\n\t\t\t<p><span style=\"line-height: 18px; font-size: 16px;\"> Rozpocznij integracj\u0119 Tridens ze swoj\u0105 firm\u0105<\/span><\/p>\n\n\t\t<\/div>\n\t<\/div>\n<\/div><\/div><\/div><div class=\"wpb_column vc_column_container vc_col-sm-6\"><div class=\"vc_column-inner\"><div class=\"wpb_wrapper\">\n\t<div  class=\"wpb_single_image wpb_content_element vc_align_left  vc_custom_1664526638430  custom-icon big\">\n\t\t\n\t\t<figure class=\"wpb_wrapper vc_figure\">\n\t\t\t<a href=\"\/knowledge-center\/?target=developersapi\" target=\"_self\"  class=\"vc_single_image-wrapper   vc_box_border_grey\"   ><img decoding=\"async\" width=\"120\" height=\"120\" src=\"https:\/\/d2xqcz296oofyv.cloudfront.net\/wp-content\/uploads\/2018\/01\/icon_a_01.png\" class=\"vc_single_image-img attachment-full\" alt=\"\" title=\"icon_a_01\"  data-dt-location=\"https:\/\/tridenstechnology.com\/pl\/icon_a_01\/\" \/><\/a>\n\t\t<\/figure>\n\t<\/div>\n<div id=\"ultimate-heading-85716a01e833adae0\" class=\"uvc-heading ult-adjust-bottom-margin ultimate-heading-85716a01e833adae0 uvc-6991\" data-hspacer=\"no_spacer\"  data-halign=\"left\" style=\"text-align:left\"><div class=\"uvc-heading-spacer no_spacer\" style=\"top\"><\/div><div class=\"uvc-main-heading ult-responsive\"  data-ultimate-target='.uvc-heading.ultimate-heading-85716a01e833adae0 span'  data-responsive-json-new='{\"font-size\":\"desktop:22px;\",\"line-height\":\"desktop:30px;\"}' ><span style=\"font-weight:bold;color:#151d46;margin-bottom:40px;\">API dla deweloper\u00f3w<\/span><\/div><\/div>\n\t<div class=\"wpb_text_column wpb_content_element\" >\n\t\t<div class=\"wpb_wrapper\">\n\t\t\t<p><span style=\"line-height: 18px; font-size: 16px;\"> Prosta integracja z partnerami Tridens<\/span><\/p>\n\n\t\t<\/div>\n\t<\/div>\n<\/div><\/div><\/div><\/div><div class=\"vc_row wpb_row vc_inner vc_row-fluid\"><div class=\"wpb_column vc_column_container vc_col-sm-6\"><div class=\"vc_column-inner\"><div class=\"wpb_wrapper\">\n\t<div  class=\"wpb_single_image wpb_content_element vc_align_left  vc_custom_1664526648227  custom-icon big\">\n\t\t\n\t\t<figure class=\"wpb_wrapper vc_figure\">\n\t\t\t<a href=\"\/knowledge-center\/?target=usermanuals\" target=\"_self\"  class=\"vc_single_image-wrapper   vc_box_border_grey\"   ><img decoding=\"async\" width=\"120\" height=\"120\" src=\"https:\/\/d2xqcz296oofyv.cloudfront.net\/wp-content\/uploads\/2018\/01\/icon_a_06.png\" class=\"vc_single_image-img attachment-full\" alt=\"\" title=\"icon_a_06\"  data-dt-location=\"https:\/\/tridenstechnology.com\/pl\/icon_a_06\/\" \/><\/a>\n\t\t<\/figure>\n\t<\/div>\n<div id=\"ultimate-heading-76246a01e833ae1ef\" class=\"uvc-heading ult-adjust-bottom-margin ultimate-heading-76246a01e833ae1ef uvc-2789\" data-hspacer=\"no_spacer\"  data-halign=\"left\" style=\"text-align:left\"><div class=\"uvc-heading-spacer no_spacer\" style=\"top\"><\/div><div class=\"uvc-main-heading ult-responsive\"  data-ultimate-target='.uvc-heading.ultimate-heading-76246a01e833ae1ef span'  data-responsive-json-new='{\"font-size\":\"desktop:22px;\",\"line-height\":\"desktop:30px;\"}' ><span style=\"font-weight:bold;color:#151d46;margin-bottom:40px;\">Podr\u0119czniki u\u017cytkownika<\/span><\/div><\/div>\n\t<div class=\"wpb_text_column wpb_content_element\" >\n\t\t<div class=\"wpb_wrapper\">\n\t\t\t<p><span style=\"line-height: 18px; font-size: 16px;\"> Lepsza znajomo\u015b\u0107 produkt\u00f3w<\/span><\/p>\n\n\t\t<\/div>\n\t<\/div>\n<\/div><\/div><\/div><div class=\"wpb_column vc_column_container vc_col-sm-6\"><div class=\"vc_column-inner\"><div class=\"wpb_wrapper\">\n\t<div  class=\"wpb_single_image wpb_content_element vc_align_left  vc_custom_1664526661954  custom-icon big\">\n\t\t\n\t\t<figure class=\"wpb_wrapper vc_figure\">\n\t\t\t<a href=\"\/knowledge-center\/?target=releasenotes\" target=\"_self\"  class=\"vc_single_image-wrapper   vc_box_border_grey\"   ><img loading=\"lazy\" decoding=\"async\" width=\"120\" height=\"120\" src=\"https:\/\/d2xqcz296oofyv.cloudfront.net\/wp-content\/uploads\/2018\/01\/icon_a_03.png\" class=\"vc_single_image-img attachment-full\" alt=\"\" title=\"icon_a_03\"  data-dt-location=\"https:\/\/tridenstechnology.com\/pl\/icon_a_03\/\" \/><\/a>\n\t\t<\/figure>\n\t<\/div>\n<div id=\"ultimate-heading-64266a01e833ae7e1\" class=\"uvc-heading ult-adjust-bottom-margin ultimate-heading-64266a01e833ae7e1 uvc-3224\" data-hspacer=\"no_spacer\"  data-halign=\"left\" style=\"text-align:left\"><div class=\"uvc-heading-spacer no_spacer\" style=\"top\"><\/div><div class=\"uvc-main-heading ult-responsive\"  data-ultimate-target='.uvc-heading.ultimate-heading-64266a01e833ae7e1 span'  data-responsive-json-new='{\"font-size\":\"desktop:22px;\",\"line-height\":\"desktop:30px;\"}' ><span style=\"font-weight:bold;color:#151d46;margin-bottom:40px;\">Informacje o wersji<\/span><\/div><\/div>\n\t<div class=\"wpb_text_column wpb_content_element\" >\n\t\t<div class=\"wpb_wrapper\">\n\t\t\t<p><span style=\"line-height: 18px; font-size: 16px;\"> Aktualizacje i informacje o produktach i partnerach<\/span><\/p>\n\n\t\t<\/div>\n\t<\/div>\n<\/div><\/div><\/div><\/div><div class=\"vc_row wpb_row vc_inner vc_row-fluid\"><div class=\"wpb_column vc_column_container vc_col-sm-6\"><div class=\"vc_column-inner\"><div class=\"wpb_wrapper\">\n\t<div  class=\"wpb_single_image wpb_content_element vc_align_left  vc_custom_1665033865076  custom-icon big\">\n\t\t\n\t\t<figure class=\"wpb_wrapper vc_figure\">\n\t\t\t<a href=\"\/customer-support\/\" target=\"_self\"  class=\"vc_single_image-wrapper   vc_box_border_grey\"   ><img loading=\"lazy\" decoding=\"async\" width=\"120\" height=\"120\" src=\"https:\/\/d2xqcz296oofyv.cloudfront.net\/wp-content\/uploads\/2018\/01\/icon_a_02.png\" class=\"vc_single_image-img attachment-full\" alt=\"\" title=\"icon_a_02\"  data-dt-location=\"https:\/\/tridenstechnology.com\/pl\/icon_a_02\/\" \/><\/a>\n\t\t<\/figure>\n\t<\/div>\n<div id=\"ultimate-heading-9326a01e833aeecb\" class=\"uvc-heading ult-adjust-bottom-margin ultimate-heading-9326a01e833aeecb uvc-4592\" data-hspacer=\"no_spacer\"  data-halign=\"left\" style=\"text-align:left\"><div class=\"uvc-heading-spacer no_spacer\" style=\"top\"><\/div><div class=\"uvc-main-heading ult-responsive\"  data-ultimate-target='.uvc-heading.ultimate-heading-9326a01e833aeecb span'  data-responsive-json-new='{\"font-size\":\"desktop:22px;\",\"line-height\":\"desktop:30px;\"}' ><span style=\"font-weight:bold;color:#151d46;margin-bottom:40px;\">Wsparcie<\/span><\/div><\/div>\n\t<div class=\"wpb_text_column wpb_content_element\" >\n\t\t<div class=\"wpb_wrapper\">\n\t\t\t<p><span style=\"line-height: 18px; font-size: 16px;\"> Nie znalaz\u0142e\u015b odpowiedzi, kt\u00f3rych szuka\u0142e\u015b?<\/span><\/p>\n\n\t\t<\/div>\n\t<\/div>\n<\/div><\/div><\/div><div class=\"wpb_column vc_column_container vc_col-sm-6\"><div class=\"vc_column-inner\"><div class=\"wpb_wrapper\">\n\t<div  class=\"wpb_single_image wpb_content_element vc_align_left  vc_custom_1665033889673  custom-icon big\">\n\t\t\n\t\t<figure class=\"wpb_wrapper vc_figure\">\n\t\t\t<a href=\"\/sign-in\/\" target=\"_self\"  class=\"vc_single_image-wrapper   vc_box_border_grey\"   ><img loading=\"lazy\" decoding=\"async\" width=\"120\" height=\"120\" src=\"https:\/\/d2xqcz296oofyv.cloudfront.net\/wp-content\/uploads\/2017\/12\/why_us_icon5.png\" class=\"vc_single_image-img attachment-full\" alt=\"\" title=\"why_us_icon5\"  data-dt-location=\"https:\/\/tridenstechnology.com\/pl\/why_us_icon5\/\" \/><\/a>\n\t\t<\/figure>\n\t<\/div>\n<div id=\"ultimate-heading-24066a01e833af4cf\" class=\"uvc-heading ult-adjust-bottom-margin ultimate-heading-24066a01e833af4cf uvc-2613\" data-hspacer=\"no_spacer\"  data-halign=\"left\" style=\"text-align:left\"><div class=\"uvc-heading-spacer no_spacer\" style=\"top\"><\/div><div class=\"uvc-main-heading ult-responsive\"  data-ultimate-target='.uvc-heading.ultimate-heading-24066a01e833af4cf span'  data-responsive-json-new='{\"font-size\":\"desktop:22px;\",\"line-height\":\"desktop:30px;\"}' ><span style=\"font-weight:bold;color:#151d46;margin-bottom:40px;\">Zaloguj si\u0119<\/span><\/div><\/div>\n\t<div class=\"wpb_text_column wpb_content_element\" >\n\t\t<div class=\"wpb_wrapper\">\n\t\t\t<p><span style=\"line-height: 18px; font-size: 16px;\"> Zaloguj si\u0119 do jednego z naszych produkt\u00f3w Tridens\u00a0<\/span><\/p>\n\n\t\t<\/div>\n\t<\/div>\n<\/div><\/div><\/div><\/div><div class=\"vc_empty_space  empty-space-35\"   style=\"height: 35px\"><span class=\"vc_empty_space_inner\"><\/span><\/div><\/div><\/div><\/div><\/div>\n<\/div>","protected":false},"excerpt":{"rendered":"<p>Tridens Resources Get assistance and support for tridens products. If you cannot find the answer here, please contact our helpful support team. Learn Blog Glossary Data sheets Infographics Presentations eBooks Videos Webinars Documentation Case studies Product Help Library Start integrating Tridens to your business Developers API Straightforward integrations with Tridens partners User Manuals Improve your&hellip;<\/p>","protected":false},"author":6,"featured_media":0,"parent":0,"menu_order":0,"comment_status":"closed","ping_status":"closed","template":"","meta":{"footnotes":""},"class_list":["post-11443","page","type-page","status-publish","hentry","description-off"],"yoast_head":"<!-- This site is optimized with the Yoast SEO Premium plugin v27.5 (Yoast SEO v27.5) - https:\/\/yoast.com\/product\/yoast-seo-premium-wordpress\/ -->\n<title>Resources - Tridens<\/title>\n<meta name=\"description\" content=\"Tridens Technology Resources. Find new ways to innovate faster and reinvent your business models digitally with Webinars and more.\" \/>\n<meta name=\"robots\" content=\"index, follow, max-snippet:-1, max-image-preview:large, max-video-preview:-1\" \/>\n<link rel=\"canonical\" href=\"https:\/\/tridenstechnology.com\/pl\/centrum-zasobow\/\" \/>\n<meta property=\"og:locale\" content=\"pl_PL\" \/>\n<meta property=\"og:type\" content=\"article\" \/>\n<meta property=\"og:title\" content=\"Resources\" \/>\n<meta property=\"og:description\" content=\"Tridens Technology Resources. Find new ways to innovate faster and reinvent your business models digitally with Webinars and more.\" \/>\n<meta property=\"og:url\" content=\"https:\/\/tridenstechnology.com\/pl\/centrum-zasobow\/\" \/>\n<meta property=\"og:site_name\" content=\"Tridens\" \/>\n<meta property=\"article:publisher\" content=\"https:\/\/www.facebook.com\/tridenstechnology\" \/>\n<meta property=\"article:modified_time\" content=\"2025-06-27T11:27:39+00:00\" \/>\n<meta property=\"og:image\" content=\"https:\/\/d2xqcz296oofyv.cloudfront.net\/wp-content\/uploads\/2019\/09\/tridens-monetization-black.png\" \/>\n\t<meta property=\"og:image:width\" content=\"1504\" \/>\n\t<meta property=\"og:image:height\" content=\"493\" \/>\n\t<meta property=\"og:image:type\" content=\"image\/png\" \/>\n<meta name=\"twitter:card\" content=\"summary_large_image\" \/>\n<meta name=\"twitter:site\" content=\"@TridensTech\" \/>\n<meta name=\"twitter:label1\" content=\"Szacowany czas czytania\" \/>\n\t<meta name=\"twitter:data1\" content=\"3 minuty\" \/>\n<!-- \/ Yoast SEO Premium plugin. -->","yoast_head_json":{"title":"Zasoby - Tridens","description":"Zasoby technologiczne Tridens. Znajd\u017a nowe sposoby na szybsze wprowadzanie innowacji i cyfrowe przekszta\u0142canie modeli biznesowych dzi\u0119ki webinarom i nie tylko.","robots":{"index":"index","follow":"follow","max-snippet":"max-snippet:-1","max-image-preview":"max-image-preview:large","max-video-preview":"max-video-preview:-1"},"canonical":"https:\/\/tridenstechnology.com\/pl\/centrum-zasobow\/","og_locale":"pl_PL","og_type":"article","og_title":"Resources","og_description":"Tridens Technology Resources. Find new ways to innovate faster and reinvent your business models digitally with Webinars and more.","og_url":"https:\/\/tridenstechnology.com\/pl\/centrum-zasobow\/","og_site_name":"Tridens","article_publisher":"https:\/\/www.facebook.com\/tridenstechnology","article_modified_time":"2025-06-27T11:27:39+00:00","og_image":[{"width":1504,"height":493,"url":"https:\/\/d2xqcz296oofyv.cloudfront.net\/wp-content\/uploads\/2019\/09\/tridens-monetization-black.png","type":"image\/png"}],"twitter_card":"summary_large_image","twitter_site":"@TridensTech","twitter_misc":{"Szacowany czas czytania":"3 minuty"},"schema":{"@context":"https:\/\/schema.org","@graph":[{"@type":"WebPage","@id":"https:\/\/tridenstechnology.com\/resource-center\/","url":"https:\/\/tridenstechnology.com\/resource-center\/","name":"Zasoby - Tridens","isPartOf":{"@id":"https:\/\/tridenstechnology.com\/#website"},"datePublished":"2022-09-29T06:58:27+00:00","dateModified":"2025-06-27T11:27:39+00:00","description":"Zasoby technologiczne Tridens. Znajd\u017a nowe sposoby na szybsze wprowadzanie innowacji i cyfrowe przekszta\u0142canie modeli biznesowych dzi\u0119ki webinarom i nie tylko.","breadcrumb":{"@id":"https:\/\/tridenstechnology.com\/resource-center\/#breadcrumb"},"inLanguage":"pl-PL","potentialAction":[{"@type":"ReadAction","target":["https:\/\/tridenstechnology.com\/resource-center\/"]}]},{"@type":"BreadcrumbList","@id":"https:\/\/tridenstechnology.com\/resource-center\/#breadcrumb","itemListElement":[{"@type":"ListItem","position":1,"name":"Home","item":"https:\/\/tridenstechnology.com\/"},{"@type":"ListItem","position":2,"name":"Resources"}]},{"@type":"WebSite","@id":"https:\/\/tridenstechnology.com\/#website","url":"https:\/\/tridenstechnology.com\/","name":"Tridens","description":"Monetyzacja, rozliczenia i \u0142adowanie pojazd\u00f3w elektrycznych","publisher":{"@id":"https:\/\/tridenstechnology.com\/#organization"},"potentialAction":[{"@type":"SearchAction","target":{"@type":"EntryPoint","urlTemplate":"https:\/\/tridenstechnology.com\/?s={search_term_string}"},"query-input":{"@type":"PropertyValueSpecification","valueRequired":true,"valueName":"search_term_string"}}],"inLanguage":"pl-PL"},{"@type":"Organization","@id":"https:\/\/tridenstechnology.com\/#organization","name":"Tridens","url":"https:\/\/tridenstechnology.com\/","logo":{"@type":"ImageObject","inLanguage":"pl-PL","@id":"https:\/\/tridenstechnology.com\/#\/schema\/logo\/image\/","url":"https:\/\/d2xqcz296oofyv.cloudfront.net\/wp-content\/uploads\/2019\/02\/tridens_logo_invert.png","contentUrl":"https:\/\/d2xqcz296oofyv.cloudfront.net\/wp-content\/uploads\/2019\/02\/tridens_logo_invert.png","width":600,"height":191,"caption":"Tridens"},"image":{"@id":"https:\/\/tridenstechnology.com\/#\/schema\/logo\/image\/"},"sameAs":["https:\/\/www.facebook.com\/tridenstechnology","https:\/\/x.com\/TridensTech","https:\/\/www.instagram.com\/tridenstechnology\/","https:\/\/www.linkedin.com\/company\/tridens","https:\/\/www.youtube.com\/user\/TridensIT"]}]}},"_links":{"self":[{"href":"https:\/\/tridenstechnology.com\/pl\/wp-json\/wp\/v2\/pages\/11443","targetHints":{"allow":["GET"]}}],"collection":[{"href":"https:\/\/tridenstechnology.com\/pl\/wp-json\/wp\/v2\/pages"}],"about":[{"href":"https:\/\/tridenstechnology.com\/pl\/wp-json\/wp\/v2\/types\/page"}],"author":[{"embeddable":true,"href":"https:\/\/tridenstechnology.com\/pl\/wp-json\/wp\/v2\/users\/6"}],"replies":[{"embeddable":true,"href":"https:\/\/tridenstechnology.com\/pl\/wp-json\/wp\/v2\/comments?post=11443"}],"version-history":[{"count":0,"href":"https:\/\/tridenstechnology.com\/pl\/wp-json\/wp\/v2\/pages\/11443\/revisions"}],"wp:attachment":[{"href":"https:\/\/tridenstechnology.com\/pl\/wp-json\/wp\/v2\/media?parent=11443"}],"curies":[{"name":"wp","href":"https:\/\/api.w.org\/{rel}","templated":true}]}}