{"id":4024,"date":"2019-10-22T17:58:49","date_gmt":"2019-10-22T17:58:49","guid":{"rendered":"https:\/\/tridenstechnology.com\/?page_id=4024"},"modified":"2022-02-06T14:06:34","modified_gmt":"2022-02-06T14:06:34","slug":"developpeurs","status":"publish","type":"page","link":"https:\/\/tridenstechnology.com\/fr\/developers\/","title":{"rendered":"D\u00e9veloppeurs"},"content":{"rendered":"<div class=\"wpb-content-wrapper\"><div data-vc-full-width=\"true\" data-vc-full-width-temp=\"true\" data-vc-full-width-init=\"false\" class=\"vc_row wpb_row vc_row-fluid intro-bg-container vc_custom_1576620584280 vc_row-has-fill\"><div class=\"wpb_column vc_column_container vc_col-sm-12\"><div class=\"vc_column-inner\"><div class=\"wpb_wrapper\"><div class=\"vc_empty_space  empty-space-200\"   style=\"height: 200px\"><span class=\"vc_empty_space_inner\"><\/span><\/div><div class=\"vc_empty_space  empty-space-200\"   style=\"height: 200px\"><span class=\"vc_empty_space_inner\"><\/span><\/div><div id=\"ultimate-heading-129369f1f0b7766a1\" class=\"uvc-heading ult-adjust-bottom-margin ultimate-heading-129369f1f0b7766a1 uvc-2435\" data-hspacer=\"no_spacer\"  data-halign=\"left\" style=\"text-align:left\"><div class=\"uvc-heading-spacer no_spacer\" style=\"top\"><\/div><div class=\"uvc-main-heading ult-responsive\"  data-ultimate-target='.uvc-heading.ultimate-heading-129369f1f0b7766a1 h1'  data-responsive-json-new='{\"font-size\":\"desktop:72px;tablet:50px;tablet_portrait:50px;mobile_landscape:35px;mobile:35px;\",\"line-height\":\"desktop:80px;tablet:60px;tablet_portrait:60px;mobile_landscape:40px;mobile:40px;\"}' ><h1 style=\"font-weight:bold;color:#ffffff;margin-bottom:30px;\">Ressources pour les d\u00e9veloppeurs et r\u00e9f\u00e9rences API<\/h1><\/div><div class=\"uvc-sub-heading ult-responsive\"  data-ultimate-target='.uvc-heading.ultimate-heading-129369f1f0b7766a1 .uvc-sub-heading '  data-responsive-json-new='{\"font-size\":\"\",\"line-height\":\"\"}'  style=\"font-weight:normal;\"><span style=\"color: #fff;\">Le portail des d\u00e9veloppeurs de la technologie Tridens est un syst\u00e8me centr\u00e9 sur les r\u00e9f\u00e9rences des API REST afin de faciliter et d'acc\u00e9l\u00e9rer le d\u00e9veloppement de nos technologies. Si vous avez d'autres questions, n'h\u00e9sitez pas \u00e0 nous contacter en utilisant le formulaire de contact de notre site web. <a href=\"https:\/\/tridenstechnology.com\/contact\/\">ici<\/a>.<\/span><\/div><\/div><div class=\"vc_empty_space  empty-space-85\"   style=\"height: 85px\"><span class=\"vc_empty_space_inner\"><\/span><\/div><\/div><\/div><\/div><\/div><div class=\"vc_row-full-width vc_clearfix\"><\/div><div class=\"vc_row wpb_row vc_row-fluid\"><div class=\"wpb_column vc_column_container vc_col-sm-12\"><div class=\"vc_column-inner\"><div class=\"wpb_wrapper\"><div class=\"vc_empty_space  empty-space-130\"   style=\"height: 130px\"><span class=\"vc_empty_space_inner\"><\/span><\/div><div class=\"vc_row wpb_row vc_inner vc_row-fluid\"><div class=\"wpb_column vc_column_container vc_col-sm-4\"><div class=\"vc_column-inner\"><div class=\"wpb_wrapper\">\n\t<div  class=\"wpb_single_image wpb_content_element vc_align_left   home-icon-image\">\n\t\t\n\t\t<figure class=\"wpb_wrapper vc_figure\">\n\t\t\t<div class=\"vc_single_image-wrapper   vc_box_border_grey\"><img fetchpriority=\"high\" decoding=\"async\" width=\"286\" height=\"280\" src=\"https:\/\/d2xqcz296oofyv.cloudfront.net\/wp-content\/uploads\/2019\/09\/pay-drive.png\" class=\"vc_single_image-img attachment-full\" alt=\"Tridens Pay &amp; Drive\" title=\"pay-drive\"  data-dt-location=\"https:\/\/tridenstechnology.com\/fr\/?attachment_id=3342\" \/><\/div>\n\t\t<\/figure>\n\t<\/div>\n<div class=\"vc_empty_space\"   style=\"height: 30px\"><span class=\"vc_empty_space_inner\"><\/span><\/div><div id=\"ultimate-heading-927469f1f0b7776a1\" class=\"uvc-heading ult-adjust-bottom-margin ultimate-heading-927469f1f0b7776a1 uvc-1435\" data-hspacer=\"no_spacer\"  data-halign=\"left\" style=\"text-align:left\"><div class=\"uvc-heading-spacer no_spacer\" style=\"top\"><\/div><div class=\"uvc-main-heading ult-responsive\"  data-ultimate-target='.uvc-heading.ultimate-heading-927469f1f0b7776a1 h3'  data-responsive-json-new='{\"font-size\":\"desktop:24px;\",\"line-height\":\"desktop:30px;\"}' ><h3 style=\"font-weight:bold;color:#151d46;margin-bottom:40px;\">Tridens Monetization<\/h3><\/div><\/div>\n\t<div class=\"wpb_text_column wpb_content_element\" >\n\t\t<div class=\"wpb_wrapper\">\n\t\t\t<p>Consultez les r\u00e9f\u00e9rences de l'API REST pour faciliter et acc\u00e9l\u00e9rer le d\u00e9veloppement de <a href=\"https:\/\/tridenstechnology.com\/monetization\/\"><strong>Tridens Monetization<\/strong><\/a> technologie. Si vous avez d'autres questions, n'h\u00e9sitez pas \u00e0 nous contacter.<\/p>\n\n\t\t<\/div>\n\t<\/div>\n<div class=\"vc_empty_space\"   style=\"height: 35px\"><span class=\"vc_empty_space_inner\"><\/span><\/div><style type=\"text\/css\" data-type=\"the7_shortcodes-inline-css\">#default-btn-ed5a4aba1c9f9be093efd015d595fc04 {\n  border-radius: 0px;\n  font-size: 14px;\n  line-height: 16px;\n}\n.btn-shadow#default-btn-ed5a4aba1c9f9be093efd015d595fc04 {\n  box-shadow: 0 1px 6px rgba(0,0,0,0.12);\n  transition: box-shadow 0.2s ease-out, opacity 0.45s;\n}\n.btn-shadow#default-btn-ed5a4aba1c9f9be093efd015d595fc04:hover {\n  box-shadow: 0 5px 11px 0 rgba(0,0,0,0.18), 0 4px 15px 0 rgba(0,0,0,0.15);\n}\n.btn-flat#default-btn-ed5a4aba1c9f9be093efd015d595fc04 {\n  box-shadow: none;\n}\n.btn-flat#default-btn-ed5a4aba1c9f9be093efd015d595fc04:hover {\n  box-shadow: none;\n}\n#default-btn-ed5a4aba1c9f9be093efd015d595fc04.ico-right-side > i {\n  margin-right: 0px;\n  margin-left: 8px;\n}\n#default-btn-ed5a4aba1c9f9be093efd015d595fc04 > i {\n  margin-right: 8px;\n  font-size: 14px;\n}\n#default-btn-ed5a4aba1c9f9be093efd015d595fc04:not(:hover) {\n  border-width: 0px;\n  border-color: #2bacdf !important;\n  color: #2bacdf;\n  background: none !important;\n  padding: 8px 18px 11px 0px;\n}\n#default-btn-ed5a4aba1c9f9be093efd015d595fc04:not(:hover) * {\n  color: #2bacdf;\n}\n#default-btn-ed5a4aba1c9f9be093efd015d595fc04:hover {\n  border-width: 0px;\n  border-color: #2bacdf !important;\n  color: #2bacdf;\n  background: none !important;\n  padding: 8px 18px 11px 0px;\n}\n#default-btn-ed5a4aba1c9f9be093efd015d595fc04:hover * {\n  color: #2bacdf;\n}\n#default-btn-ed5a4aba1c9f9be093efd015d595fc04.ico-right-side > i {\n  margin-right: 0px;\n  margin-left: 8px;\n}\n#default-btn-ed5a4aba1c9f9be093efd015d595fc04 > i {\n  margin-right: 8px;\n}<\/style><a href=\"https:\/\/developers.tridenstechnology.com\/monetization\" class=\"default-btn-shortcode dt-btn link-hover-off outline-btn small btn-inline-left btn-flat\" target=\"_blank\" id=\"default-btn-ed5a4aba1c9f9be093efd015d595fc04\" title=\"Tridens Monetization\" rel=\"nofollow\"><span>API de mon\u00e9tisation<\/span><\/a><div class=\"vc_empty_space  show-on-mobile\"   style=\"height: 85px\"><span class=\"vc_empty_space_inner\"><\/span><\/div><\/div><\/div><\/div><div class=\"wpb_column vc_column_container vc_col-sm-4\"><div class=\"vc_column-inner\"><div class=\"wpb_wrapper\">\n\t<div  class=\"wpb_single_image wpb_content_element vc_align_left   home-icon-image\">\n\t\t\n\t\t<figure class=\"wpb_wrapper vc_figure\">\n\t\t\t<div class=\"vc_single_image-wrapper   vc_box_border_grey\"><img decoding=\"async\" width=\"306\" height=\"250\" src=\"https:\/\/d2xqcz296oofyv.cloudfront.net\/wp-content\/uploads\/2019\/09\/charge-drive.png\" class=\"vc_single_image-img attachment-full\" alt=\"Tridens Charge &amp; Drive\" title=\"charge-drive\" srcset=\"https:\/\/d2xqcz296oofyv.cloudfront.net\/wp-content\/uploads\/2019\/09\/charge-drive.png 306w, https:\/\/d2xqcz296oofyv.cloudfront.net\/wp-content\/uploads\/2019\/09\/charge-drive-300x245.png 300w\" sizes=\"(max-width: 306px) 100vw, 306px\"  data-dt-location=\"https:\/\/tridenstechnology.com\/fr\/?attachment_id=3341\" \/><\/div>\n\t\t<\/figure>\n\t<\/div>\n<div class=\"vc_empty_space  hide-on-mobile\"   style=\"height: 30px\"><span class=\"vc_empty_space_inner\"><\/span><\/div><div id=\"ultimate-heading-40769f1f0b777ff5\" class=\"uvc-heading ult-adjust-bottom-margin ultimate-heading-40769f1f0b777ff5 uvc-1575\" data-hspacer=\"no_spacer\"  data-halign=\"left\" style=\"text-align:left\"><div class=\"uvc-heading-spacer no_spacer\" style=\"top\"><\/div><div class=\"uvc-main-heading ult-responsive\"  data-ultimate-target='.uvc-heading.ultimate-heading-40769f1f0b777ff5 h3'  data-responsive-json-new='{\"font-size\":\"desktop:24px;\",\"line-height\":\"desktop:30px;\"}' ><h3 style=\"font-weight:bold;color:#151d46;margin-bottom:40px;\">Tridens EV Charge<\/h3><\/div><\/div>\n\t<div class=\"wpb_text_column wpb_content_element\" >\n\t\t<div class=\"wpb_wrapper\">\n\t\t\t<p>Consultez les r\u00e9f\u00e9rences de l'API REST pour faciliter et acc\u00e9l\u00e9rer le d\u00e9veloppement de <a href=\"https:\/\/tridenstechnology.com\/ev-charge\/\"><strong>Tridens EV Charge<\/strong><\/a>\u00a0technologie. Si vous avez d'autres questions, n'h\u00e9sitez pas \u00e0 nous contacter.<\/p>\n\n\t\t<\/div>\n\t<\/div>\n<div class=\"vc_empty_space\"   style=\"height: 35px\"><span class=\"vc_empty_space_inner\"><\/span><\/div><style type=\"text\/css\" data-type=\"the7_shortcodes-inline-css\">#default-btn-7c3816a6741add699d18cb202b5d98bc {\n  border-radius: 0px;\n  font-size: 14px;\n  line-height: 16px;\n}\n.btn-shadow#default-btn-7c3816a6741add699d18cb202b5d98bc {\n  box-shadow: 0 1px 6px rgba(0,0,0,0.12);\n  transition: box-shadow 0.2s ease-out, opacity 0.45s;\n}\n.btn-shadow#default-btn-7c3816a6741add699d18cb202b5d98bc:hover {\n  box-shadow: 0 5px 11px 0 rgba(0,0,0,0.18), 0 4px 15px 0 rgba(0,0,0,0.15);\n}\n.btn-flat#default-btn-7c3816a6741add699d18cb202b5d98bc {\n  box-shadow: none;\n}\n.btn-flat#default-btn-7c3816a6741add699d18cb202b5d98bc:hover {\n  box-shadow: none;\n}\n#default-btn-7c3816a6741add699d18cb202b5d98bc.ico-right-side > i {\n  margin-right: 0px;\n  margin-left: 8px;\n}\n#default-btn-7c3816a6741add699d18cb202b5d98bc > i {\n  margin-right: 8px;\n  font-size: 14px;\n}\n#default-btn-7c3816a6741add699d18cb202b5d98bc:not(:hover) {\n  border-width: 0px;\n  border-color: #2bacdf !important;\n  color: #2bacdf;\n  background: none !important;\n  padding: 8px 18px 11px 0px;\n}\n#default-btn-7c3816a6741add699d18cb202b5d98bc:not(:hover) * {\n  color: #2bacdf;\n}\n#default-btn-7c3816a6741add699d18cb202b5d98bc:hover {\n  border-width: 0px;\n  border-color: #2bacdf !important;\n  color: #2bacdf;\n  background: none !important;\n  padding: 8px 18px 11px 0px;\n}\n#default-btn-7c3816a6741add699d18cb202b5d98bc:hover * {\n  color: #2bacdf;\n}\n#default-btn-7c3816a6741add699d18cb202b5d98bc.ico-right-side > i {\n  margin-right: 0px;\n  margin-left: 8px;\n}\n#default-btn-7c3816a6741add699d18cb202b5d98bc > i {\n  margin-right: 8px;\n}<\/style><a href=\"https:\/\/developers.tridenstechnology.com\/charge-and-drive\" class=\"default-btn-shortcode dt-btn link-hover-off outline-btn small btn-inline-left btn-flat\" target=\"_blank\" id=\"default-btn-7c3816a6741add699d18cb202b5d98bc\" title=\"Tridens Monetization\" rel=\"nofollow\"><span>API sur la charge des v\u00e9hicules \u00e9lectriques<\/span><\/a><div class=\"vc_empty_space  show-on-mobile\"   style=\"height: 85px\"><span class=\"vc_empty_space_inner\"><\/span><\/div><\/div><\/div><\/div><div class=\"wpb_column vc_column_container vc_col-sm-4\"><div class=\"vc_column-inner\"><div class=\"wpb_wrapper\">\n\t<div  class=\"wpb_single_image wpb_content_element vc_align_left   home-icon-image\">\n\t\t\n\t\t<figure class=\"wpb_wrapper vc_figure\">\n\t\t\t<div class=\"vc_single_image-wrapper   vc_box_border_grey\"><img decoding=\"async\" width=\"268\" height=\"256\" src=\"https:\/\/d2xqcz296oofyv.cloudfront.net\/wp-content\/uploads\/2019\/09\/monetization.png\" class=\"vc_single_image-img attachment-full\" alt=\"Tridens Monetization\" title=\"mon\u00e9tisation\"  data-dt-location=\"https:\/\/tridenstechnology.com\/fr\/?attachment_id=3340\" \/><\/div>\n\t\t<\/figure>\n\t<\/div>\n<div class=\"vc_empty_space\"   style=\"height: 40px\"><span class=\"vc_empty_space_inner\"><\/span><\/div><div id=\"ultimate-heading-201869f1f0b7787f0\" class=\"uvc-heading ult-adjust-bottom-margin ultimate-heading-201869f1f0b7787f0 uvc-1504\" data-hspacer=\"no_spacer\"  data-halign=\"left\" style=\"text-align:left\"><div class=\"uvc-heading-spacer no_spacer\" style=\"top\"><\/div><div class=\"uvc-main-heading ult-responsive\"  data-ultimate-target='.uvc-heading.ultimate-heading-201869f1f0b7787f0 h3'  data-responsive-json-new='{\"font-size\":\"desktop:24px;\",\"line-height\":\"desktop:30px;\"}' ><h3 style=\"font-weight:bold;color:#151d46;margin-bottom:40px;\">Tridens Pay &amp; Drive<\/h3><\/div><\/div>\n\t<div class=\"wpb_text_column wpb_content_element\" >\n\t\t<div class=\"wpb_wrapper\">\n\t\t\t<p>Consultez les r\u00e9f\u00e9rences de l'API REST pour faciliter et acc\u00e9l\u00e9rer le d\u00e9veloppement de <a href=\"https:\/\/tridenstechnology.com\/drive-and-pay\/\"><strong>Tridens Pay &amp; Drive<\/strong><\/a> technologie. Si vous avez d'autres questions, n'h\u00e9sitez pas \u00e0 nous contacter.<\/p>\n\n\t\t<\/div>\n\t<\/div>\n<div class=\"vc_empty_space\"   style=\"height: 35px\"><span class=\"vc_empty_space_inner\"><\/span><\/div><style type=\"text\/css\" data-type=\"the7_shortcodes-inline-css\">#default-btn-597ed632a962390a89a622330ee296b2 {\n  border-radius: 0px;\n  font-size: 12px;\n  line-height: 14px;\n}\n.btn-shadow#default-btn-597ed632a962390a89a622330ee296b2 {\n  box-shadow: 0 1px 6px rgba(0,0,0,0.12);\n  transition: box-shadow 0.2s ease-out, opacity 0.45s;\n}\n.btn-shadow#default-btn-597ed632a962390a89a622330ee296b2:hover {\n  box-shadow: 0 5px 11px 0 rgba(0,0,0,0.18), 0 4px 15px 0 rgba(0,0,0,0.15);\n}\n.btn-flat#default-btn-597ed632a962390a89a622330ee296b2 {\n  box-shadow: none;\n}\n.btn-flat#default-btn-597ed632a962390a89a622330ee296b2:hover {\n  box-shadow: none;\n}\n#default-btn-597ed632a962390a89a622330ee296b2.ico-right-side > i {\n  margin-right: 0px;\n  margin-left: 8px;\n}\n#default-btn-597ed632a962390a89a622330ee296b2 > i {\n  margin-right: 8px;\n  font-size: 12px;\n}\n#default-btn-597ed632a962390a89a622330ee296b2:not(:hover) {\n  border-width: 0px;\n  border-color: #8e929b !important;\n  color: #8e929b;\n  background: none !important;\n  padding: 8px 12px 8px 0px;\n}\n#default-btn-597ed632a962390a89a622330ee296b2:not(:hover) * {\n  color: #8e929b;\n}\n#default-btn-597ed632a962390a89a622330ee296b2:hover {\n  border-width: 0px;\n  border-color: #8e929b !important;\n  color: #8e929b;\n  background: none !important;\n  padding: 8px 12px 8px 0px;\n}\n#default-btn-597ed632a962390a89a622330ee296b2:hover * {\n  color: #8e929b;\n}\n#default-btn-597ed632a962390a89a622330ee296b2.ico-right-side > i {\n  margin-right: 0px;\n  margin-left: 8px;\n}\n#default-btn-597ed632a962390a89a622330ee296b2 > i {\n  margin-right: 8px;\n}<\/style><a href=\"#\" class=\"default-btn-shortcode dt-btn link-hover-off outline-btn small no-events btn-inline-left btn-flat\" id=\"default-btn-597ed632a962390a89a622330ee296b2\" rel=\"nofollow\"><span>Prochainement<\/span><\/a><\/div><\/div><\/div><\/div><\/div><\/div><\/div><\/div><div class=\"vc_row wpb_row vc_row-fluid\"><div class=\"wpb_column vc_column_container vc_col-sm-12\"><div class=\"vc_column-inner\"><div class=\"wpb_wrapper\"><div class=\"vc_empty_space  empty-space-bottom\"   style=\"height: 200px\"><span class=\"vc_empty_space_inner\"><\/span><\/div><\/div><\/div><\/div><\/div>\n<\/div>","protected":false},"excerpt":{"rendered":"<p>Developer resources and API referencesTridens Technology Developers portal is centered system for REST API references for easier and faster development of our technologies. If you have any more questions, please feel free to contact us using contact form on our website here. Tridens Monetization Check out REST API references for easier and faster development of&hellip;<\/p>","protected":false},"author":6,"featured_media":0,"parent":0,"menu_order":0,"comment_status":"closed","ping_status":"closed","template":"","meta":{"footnotes":""},"class_list":["post-4024","page","type-page","status-publish","hentry","description-off"],"yoast_head":"<!-- This site is optimized with the Yoast SEO Premium plugin v27.4 (Yoast SEO v27.4) - https:\/\/yoast.com\/product\/yoast-seo-premium-wordpress\/ -->\n<title>Developers - Tridens<\/title>\n<meta name=\"description\" content=\"Tridens Technology Developers portal is centered system for REST API references for easier and faster development of our technologies.\" \/>\n<meta name=\"robots\" content=\"noindex, nofollow\" \/>\n<meta property=\"og:locale\" content=\"fr_FR\" \/>\n<meta property=\"og:type\" content=\"article\" \/>\n<meta property=\"og:title\" content=\"Developers\" \/>\n<meta property=\"og:description\" content=\"Tridens Technology Developers portal is centered system for REST API references for easier and faster development of our technologies.\" \/>\n<meta property=\"og:url\" content=\"https:\/\/tridenstechnology.com\/fr\/developpeurs\/\" \/>\n<meta property=\"og:site_name\" content=\"Tridens\" \/>\n<meta property=\"article:publisher\" content=\"https:\/\/www.facebook.com\/tridenstechnology\" \/>\n<meta property=\"article:modified_time\" content=\"2022-02-06T14:06:34+00:00\" \/>\n<meta property=\"og:image\" content=\"https:\/\/d2xqcz296oofyv.cloudfront.net\/wp-content\/uploads\/2019\/09\/tridens-monetization-black.png\" \/>\n\t<meta property=\"og:image:width\" content=\"1504\" \/>\n\t<meta property=\"og:image:height\" content=\"493\" \/>\n\t<meta property=\"og:image:type\" content=\"image\/png\" \/>\n<meta name=\"twitter:card\" content=\"summary_large_image\" \/>\n<meta name=\"twitter:site\" content=\"@TridensTech\" \/>\n<meta name=\"twitter:label1\" content=\"Dur\u00e9e de lecture estim\u00e9e\" \/>\n\t<meta name=\"twitter:data1\" content=\"2 minutes\" \/>\n<!-- \/ Yoast SEO Premium plugin. -->","yoast_head_json":{"title":"D\u00e9veloppeurs - Tridens","description":"Le portail des d\u00e9veloppeurs de technologies de Tridens est un syst\u00e8me centr\u00e9 sur les r\u00e9f\u00e9rences des API REST afin de faciliter et d'acc\u00e9l\u00e9rer le d\u00e9veloppement de nos technologies.","robots":{"index":"noindex","follow":"nofollow"},"og_locale":"fr_FR","og_type":"article","og_title":"Developers","og_description":"Tridens Technology Developers portal is centered system for REST API references for easier and faster development of our technologies.","og_url":"https:\/\/tridenstechnology.com\/fr\/developpeurs\/","og_site_name":"Tridens","article_publisher":"https:\/\/www.facebook.com\/tridenstechnology","article_modified_time":"2022-02-06T14:06:34+00:00","og_image":[{"width":1504,"height":493,"url":"https:\/\/d2xqcz296oofyv.cloudfront.net\/wp-content\/uploads\/2019\/09\/tridens-monetization-black.png","type":"image\/png"}],"twitter_card":"summary_large_image","twitter_site":"@TridensTech","twitter_misc":{"Dur\u00e9e de lecture estim\u00e9e":"2 minutes"},"schema":{"@context":"https:\/\/schema.org","@graph":[{"@type":"WebPage","@id":"https:\/\/tridenstechnology.com\/developers\/","url":"https:\/\/tridenstechnology.com\/developers\/","name":"D\u00e9veloppeurs - Tridens","isPartOf":{"@id":"https:\/\/tridenstechnology.com\/#website"},"datePublished":"2019-10-22T17:58:49+00:00","dateModified":"2022-02-06T14:06:34+00:00","description":"Le portail des d\u00e9veloppeurs de technologies de Tridens est un syst\u00e8me centr\u00e9 sur les r\u00e9f\u00e9rences des API REST afin de faciliter et d'acc\u00e9l\u00e9rer le d\u00e9veloppement de nos technologies.","breadcrumb":{"@id":"https:\/\/tridenstechnology.com\/developers\/#breadcrumb"},"inLanguage":"fr-FR","potentialAction":[{"@type":"ReadAction","target":["https:\/\/tridenstechnology.com\/developers\/"]}]},{"@type":"BreadcrumbList","@id":"https:\/\/tridenstechnology.com\/developers\/#breadcrumb","itemListElement":[{"@type":"ListItem","position":1,"name":"Home","item":"https:\/\/tridenstechnology.com\/"},{"@type":"ListItem","position":2,"name":"Developers"}]},{"@type":"WebSite","@id":"https:\/\/tridenstechnology.com\/#website","url":"https:\/\/tridenstechnology.com\/","name":"Tridens","description":"Mon\u00e9tisation, facturation et recharge des v\u00e9hicules \u00e9lectriques","publisher":{"@id":"https:\/\/tridenstechnology.com\/#organization"},"potentialAction":[{"@type":"SearchAction","target":{"@type":"EntryPoint","urlTemplate":"https:\/\/tridenstechnology.com\/?s={search_term_string}"},"query-input":{"@type":"PropertyValueSpecification","valueRequired":true,"valueName":"search_term_string"}}],"inLanguage":"fr-FR"},{"@type":"Organization","@id":"https:\/\/tridenstechnology.com\/#organization","name":"Tridens","url":"https:\/\/tridenstechnology.com\/","logo":{"@type":"ImageObject","inLanguage":"fr-FR","@id":"https:\/\/tridenstechnology.com\/#\/schema\/logo\/image\/","url":"https:\/\/d2xqcz296oofyv.cloudfront.net\/wp-content\/uploads\/2019\/02\/tridens_logo_invert.png","contentUrl":"https:\/\/d2xqcz296oofyv.cloudfront.net\/wp-content\/uploads\/2019\/02\/tridens_logo_invert.png","width":600,"height":191,"caption":"Tridens"},"image":{"@id":"https:\/\/tridenstechnology.com\/#\/schema\/logo\/image\/"},"sameAs":["https:\/\/www.facebook.com\/tridenstechnology","https:\/\/x.com\/TridensTech","https:\/\/www.instagram.com\/tridenstechnology\/","https:\/\/www.linkedin.com\/company\/tridens","https:\/\/www.youtube.com\/user\/TridensIT"]}]}},"_links":{"self":[{"href":"https:\/\/tridenstechnology.com\/fr\/wp-json\/wp\/v2\/pages\/4024","targetHints":{"allow":["GET"]}}],"collection":[{"href":"https:\/\/tridenstechnology.com\/fr\/wp-json\/wp\/v2\/pages"}],"about":[{"href":"https:\/\/tridenstechnology.com\/fr\/wp-json\/wp\/v2\/types\/page"}],"author":[{"embeddable":true,"href":"https:\/\/tridenstechnology.com\/fr\/wp-json\/wp\/v2\/users\/6"}],"replies":[{"embeddable":true,"href":"https:\/\/tridenstechnology.com\/fr\/wp-json\/wp\/v2\/comments?post=4024"}],"version-history":[{"count":0,"href":"https:\/\/tridenstechnology.com\/fr\/wp-json\/wp\/v2\/pages\/4024\/revisions"}],"wp:attachment":[{"href":"https:\/\/tridenstechnology.com\/fr\/wp-json\/wp\/v2\/media?parent=4024"}],"curies":[{"name":"wp","href":"https:\/\/api.w.org\/{rel}","templated":true}]}}