{"id":7822,"date":"2021-11-24T19:08:56","date_gmt":"2021-11-24T19:08:56","guid":{"rendered":"https:\/\/tridenstechnology.com\/?page_id=7822"},"modified":"2022-02-06T14:08:11","modified_gmt":"2022-02-06T14:08:11","slug":"registrese-en","status":"publish","type":"page","link":"https:\/\/tridenstechnology.com\/es\/sign-in\/","title":{"rendered":"Reg\u00edstrese"},"content":{"rendered":"<div class=\"wpb-content-wrapper\"><div data-vc-full-width=\"true\" data-vc-full-width-temp=\"true\" data-vc-full-width-init=\"false\" class=\"vc_row wpb_row vc_row-fluid webinars-row vc_row-o-content-middle vc_row-flex\"><div class=\"wpb_column vc_column_container vc_col-sm-12\"><div class=\"vc_column-inner\"><div class=\"wpb_wrapper\"><div class=\"vc_empty_space  empty-space-130\"   style=\"height: 130px\"><span class=\"vc_empty_space_inner\"><\/span><\/div><div class=\"vc_empty_space  empty-space-130 show-on-mobile\"   style=\"height: 130px\"><span class=\"vc_empty_space_inner\"><\/span><\/div><div class=\"vc_empty_space  empty-space-35\"   style=\"height: 35px\"><span class=\"vc_empty_space_inner\"><\/span><\/div>\n\t<div class=\"wpb_text_column wpb_content_element\" >\n\t\t<div class=\"wpb_wrapper\">\n\t\t\t<h1 style=\"text-align: center;\">Con\u00e9ctese a su <span class=\"border-blue\">Tridens<\/span> plataforma<\/h1>\n\n\t\t<\/div>\n\t<\/div>\n<div class=\"vc_empty_space  empty-space-35\"   style=\"height: 35px\"><span class=\"vc_empty_space_inner\"><\/span><\/div><div class=\"vc_row wpb_row vc_inner vc_row-fluid vc_row-o-equal-height vc_row-o-content-middle vc_row-flex\"><div class=\"signin-form wpb_column vc_column_container vc_col-sm-3\/5\"><div class=\"vc_column-inner\"><div class=\"wpb_wrapper\"><div id=\"ultimate-heading-494769f5469c48978\" class=\"uvc-heading ult-adjust-bottom-margin ultimate-heading-494769f5469c48978 uvc-1681\" data-hspacer=\"no_spacer\"  data-halign=\"left\" style=\"text-align:left\"><div class=\"uvc-heading-spacer no_spacer\" style=\"top\"><\/div><div class=\"uvc-sub-heading ult-responsive\"  data-ultimate-target='.uvc-heading.ultimate-heading-494769f5469c48978 .uvc-sub-heading '  data-responsive-json-new='{\"font-size\":\"\",\"line-height\":\"\"}'  style=\"font-weight:normal;\">Introduzca su URL \u00fanica y elija el tipo de plataforma a continuaci\u00f3n, y le enlazaremos con su aplicaci\u00f3n.<\/div><\/div><div class=\"vc_empty_space  empty-space-35\"   style=\"height: 35px\"><span class=\"vc_empty_space_inner\"><\/span><\/div>\n\t<div class=\"wpb_raw_code wpb_raw_html wpb_content_element vc_custom_1637782396709\" >\n\t\t<div class=\"wpb_wrapper\">\n\t\t\t<div id=\"signin-form\">\n<form action=\"\">\n  <input type=\"text\" placeholder=\"URL de la aplicaci\u00f3n\" class=\"wpcf7-form-control wpcf7-text wpcf7-validates-as-required\">\n  <select class=\"wpcf7-form-control wpcf7-select\" aria-required=\"true\" aria-invalid=\"false\">\n    <option value=\"Monetization\">Monetizaci\u00f3n<\/option>\n    <option value=\"EV Charge\">Carga EV<\/option>\n  <\/select>\n  <input type=\"submit\" value=\"Reg\u00edstrese\" class=\"wpcf7-form-control has-spinner wpcf7-submit\">\n<input type=\"hidden\" name=\"trp-form-language\" value=\"es\"\/><\/form>\n<\/div>\n\t\t<\/div>\n\t<\/div>\n<\/div><\/div><\/div><div class=\"wpb_column vc_column_container vc_col-sm-2\/5\"><div class=\"vc_column-inner\"><div class=\"wpb_wrapper\"><div class=\"vc_empty_space  empty-space-85\"   style=\"height: 50px\"><span class=\"vc_empty_space_inner\"><\/span><\/div><div class=\"uavc-list-icon uavc-list-icon-wrapper ult-adjust-bottom-margin inline-icon-list\"><ul class=\"uavc-list\"><li><div class=\"uavc-list-content\" id=\"list-icon-wrap-5103\">\n<div class=\"uavc-list-icon\" data-animation=\"\" data-animation-delay=\"03\" style=\"margin-right:20px;\"><div class=\"ult-just-icon-wrapper\"><div class=\"align-icon\" style=\"text-align:center;\">\n<div class=\"aio-icon none\"  style=\"color:rgba(21,29,70,0.85);font-size:30px;display:inline-block;\">\n\t<i class=\"Defaults-comments\"><\/i>\n<\/div><\/div><\/div>\n<\/div><span  data-ultimate-target='#list-icon-wrap-5103 .uavc-list-desc'  data-responsive-json-new='{\"font-size\":\"\",\"line-height\":\"\"}'  class=\"uavc-list-desc ult-responsive\" style=\"color:#151d46;\">\u00bfNecesita ayuda para iniciar sesi\u00f3n en su aplicaci\u00f3n?<\/p>\n<p><a class=\"dt-btn btn-inline-left\" href=\"https:\/\/tridenstechnology.com\/customer-support\/\">Contactar con el servicio de asistencia<\/a><\/span><\/div><\/li><li><div class=\"uavc-list-content\" id=\"list-icon-wrap-6869\">\n<div class=\"uavc-list-icon\" data-animation=\"\" data-animation-delay=\"03\" style=\"margin-right:20px;\"><div class=\"ult-just-icon-wrapper\"><div class=\"align-icon\" style=\"text-align:center;\">\n<div class=\"aio-icon none\"  style=\"color:rgba(21,29,70,0.85);font-size:30px;display:inline-block;\">\n\t<i class=\"Defaults-user-plus\"><\/i>\n<\/div><\/div><\/div>\n<\/div><span  data-ultimate-target='#list-icon-wrap-6869 .uavc-list-desc'  data-responsive-json-new='{\"font-size\":\"\",\"line-height\":\"\"}'  class=\"uavc-list-desc ult-responsive\" style=\"color:#151d46;\">\u00bfDesea registrar una nueva cuenta?<\/p>\n<p><a class=\"dt-btn btn-inline-left\" href=\"https:\/\/tridenstechnology.com\/schedule-a-demo\/\">Programar una llamada<\/a><\/span><\/div><\/li><li><div class=\"uavc-list-content\" id=\"list-icon-wrap-8777\">\n<div class=\"uavc-list-icon\" data-animation=\"\" data-animation-delay=\"03\" style=\"margin-right:20px;\"><div class=\"ult-just-icon-wrapper\"><div class=\"align-icon\" style=\"text-align:center;\">\n<div class=\"aio-icon none\"  style=\"color:rgba(21,29,70,0.85);font-size:30px;display:inline-block;\">\n\t<i class=\"fas fa-play-circle\"><\/i>\n<\/div><\/div><\/div>\n<\/div><span  data-ultimate-target='#list-icon-wrap-8777 .uavc-list-desc'  data-responsive-json-new='{\"font-size\":\"\",\"line-height\":\"\"}'  class=\"uavc-list-desc ult-responsive\" style=\"color:#151d46;\">Conozca la plataforma Tridens<\/p>\n<p><a class=\"dt-btn btn-inline-left\" href=\"https:\/\/tridenstechnology.com\/watch-a-demo\/\">Ver demostraci\u00f3n<\/a><\/span><\/div><\/li><\/ul><\/div><\/div><\/div><\/div><\/div><div class=\"vc_empty_space  empty-space-85\"   style=\"height: 85px\"><span class=\"vc_empty_space_inner\"><\/span><\/div><\/div><\/div><\/div><\/div><div class=\"vc_row-full-width vc_clearfix\"><\/div><div class=\"vc_row wpb_row vc_row-fluid\"><div class=\"wpb_column vc_column_container vc_col-sm-12\"><div class=\"vc_column-inner\"><div class=\"wpb_wrapper\"><style type=\"text\/css\" data-type=\"the7_shortcodes-inline-css\">.shortcode-single-image-wrap.shortcode-single-image-2709deeea0c2361e14fca563e3a96241.enable-bg-rollover .rollover i,\n.shortcode-single-image-wrap.shortcode-single-image-2709deeea0c2361e14fca563e3a96241.enable-bg-rollover .rollover-video i {\n  background: -webkit-linear-gradient();\n  background: linear-gradient();\n}\n.shortcode-single-image-wrap.shortcode-single-image-2709deeea0c2361e14fca563e3a96241 .rollover-icon {\n  font-size: 32px;\n  color: #ffffff;\n  min-width: 44px;\n  min-height: 44px;\n  line-height: 44px;\n  border-radius: 100px;\n  border-style: solid;\n  border-width: 0px;\n}\n.dt-icon-bg-on.shortcode-single-image-wrap.shortcode-single-image-2709deeea0c2361e14fca563e3a96241 .rollover-icon {\n  background: rgba(255,255,255,0.3);\n  box-shadow: none;\n}<\/style><div class=\"shortcode-single-image-wrap shortcode-single-image-2709deeea0c2361e14fca563e3a96241 alignnone  enable-bg-rollover dt-icon-bg-off\" style=\"margin-top:0px; margin-bottom:0px; margin-left:0px; margin-right:0px;\"><div class=\"shortcode-single-image\"><div class=\"fancy-media-wrap\" style=\"\"><img fetchpriority=\"high\" decoding=\"async\" class=\"preload-me aspect\" src=\"https:\/\/d2xqcz296oofyv.cloudfront.net\/wp-content\/uploads\/2021\/04\/social-reviews-all.png\" srcset=\"https:\/\/d2xqcz296oofyv.cloudfront.net\/wp-content\/uploads\/2021\/04\/social-reviews-all.png 3000w\" sizes=\"(max-width: 3000px) 100vw, 3000px\" width=\"3000\" height=\"350\"  data-dt-location=\"https:\/\/tridenstechnology.com\/es\/social-reviews-all\/\" style=\"--ratio: 3000 \/ 350;\" alt=\"revisiones sociales\" \/><\/div><\/div><\/div><\/div><\/div><\/div><\/div>\n<\/div>","protected":false},"excerpt":{"rendered":"<p>Login to your Tridens platform Enter your unique URL and choose the platform type below, and we\u2019ll link you to your app. Monetization EV Charge Need help signing in to your application? Contact support Do you want to register new account? Schedula a call Get insights of Tridens platform Watch demo<\/p>","protected":false},"author":6,"featured_media":0,"parent":0,"menu_order":0,"comment_status":"closed","ping_status":"closed","template":"template-microsite.php","meta":{"footnotes":""},"class_list":["post-7822","page","type-page","status-publish","hentry","description-off"],"yoast_head":"<!-- This site is optimized with the Yoast SEO Premium plugin v27.4 (Yoast SEO v27.4) - https:\/\/yoast.com\/product\/yoast-seo-premium-wordpress\/ -->\n<title>Sign in - Tridens<\/title>\n<meta name=\"description\" content=\"We empower companies across different industries to innovate faster and reinvent their business models digitally, by using Tridens products.\" \/>\n<meta name=\"robots\" content=\"noindex, nofollow\" \/>\n<meta property=\"og:locale\" content=\"es_ES\" \/>\n<meta property=\"og:type\" content=\"article\" \/>\n<meta property=\"og:title\" content=\"Sign in\" \/>\n<meta property=\"og:description\" content=\"We empower companies across different industries to innovate faster and reinvent their business models digitally, by using Tridens products.\" \/>\n<meta property=\"og:url\" content=\"https:\/\/tridenstechnology.com\/es\/registrese-en\/\" \/>\n<meta property=\"og:site_name\" content=\"Tridens\" \/>\n<meta property=\"article:publisher\" content=\"https:\/\/www.facebook.com\/tridenstechnology\" \/>\n<meta property=\"article:modified_time\" content=\"2022-02-06T14:08:11+00:00\" \/>\n<meta property=\"og:image\" content=\"https:\/\/d2xqcz296oofyv.cloudfront.net\/wp-content\/uploads\/2019\/09\/tridens-monetization-black.png\" \/>\n\t<meta property=\"og:image:width\" content=\"1504\" \/>\n\t<meta property=\"og:image:height\" content=\"493\" \/>\n\t<meta property=\"og:image:type\" content=\"image\/png\" \/>\n<meta name=\"twitter:card\" content=\"summary_large_image\" \/>\n<meta name=\"twitter:site\" content=\"@TridensTech\" \/>\n<meta name=\"twitter:label1\" content=\"Tiempo de lectura\" \/>\n\t<meta name=\"twitter:data1\" content=\"1 minuto\" \/>\n<!-- \/ Yoast SEO Premium plugin. -->","yoast_head_json":{"title":"Entrar - Tridens","description":"Capacitamos a empresas de diferentes sectores para que innoven m\u00e1s r\u00e1pido y reinventen sus modelos de negocio digitalmente, utilizando los productos de Tridens.","robots":{"index":"noindex","follow":"nofollow"},"og_locale":"es_ES","og_type":"article","og_title":"Sign in","og_description":"We empower companies across different industries to innovate faster and reinvent their business models digitally, by using Tridens products.","og_url":"https:\/\/tridenstechnology.com\/es\/registrese-en\/","og_site_name":"Tridens","article_publisher":"https:\/\/www.facebook.com\/tridenstechnology","article_modified_time":"2022-02-06T14:08:11+00:00","og_image":[{"width":1504,"height":493,"url":"https:\/\/d2xqcz296oofyv.cloudfront.net\/wp-content\/uploads\/2019\/09\/tridens-monetization-black.png","type":"image\/png"}],"twitter_card":"summary_large_image","twitter_site":"@TridensTech","twitter_misc":{"Tiempo de lectura":"1 minuto"},"schema":{"@context":"https:\/\/schema.org","@graph":[{"@type":"WebPage","@id":"https:\/\/tridenstechnology.com\/sign-in\/","url":"https:\/\/tridenstechnology.com\/sign-in\/","name":"Entrar - Tridens","isPartOf":{"@id":"https:\/\/tridenstechnology.com\/#website"},"datePublished":"2021-11-24T19:08:56+00:00","dateModified":"2022-02-06T14:08:11+00:00","description":"Capacitamos a empresas de diferentes sectores para que innoven m\u00e1s r\u00e1pido y reinventen sus modelos de negocio digitalmente, utilizando los productos de Tridens.","breadcrumb":{"@id":"https:\/\/tridenstechnology.com\/sign-in\/#breadcrumb"},"inLanguage":"es","potentialAction":[{"@type":"ReadAction","target":["https:\/\/tridenstechnology.com\/sign-in\/"]}]},{"@type":"BreadcrumbList","@id":"https:\/\/tridenstechnology.com\/sign-in\/#breadcrumb","itemListElement":[{"@type":"ListItem","position":1,"name":"Home","item":"https:\/\/tridenstechnology.com\/"},{"@type":"ListItem","position":2,"name":"Sign in"}]},{"@type":"WebSite","@id":"https:\/\/tridenstechnology.com\/#website","url":"https:\/\/tridenstechnology.com\/","name":"Tridens","description":"Monetizaci\u00f3n, facturaci\u00f3n y recarga de veh\u00edculos el\u00e9ctricos","publisher":{"@id":"https:\/\/tridenstechnology.com\/#organization"},"potentialAction":[{"@type":"SearchAction","target":{"@type":"EntryPoint","urlTemplate":"https:\/\/tridenstechnology.com\/?s={search_term_string}"},"query-input":{"@type":"PropertyValueSpecification","valueRequired":true,"valueName":"search_term_string"}}],"inLanguage":"es"},{"@type":"Organization","@id":"https:\/\/tridenstechnology.com\/#organization","name":"Tridens","url":"https:\/\/tridenstechnology.com\/","logo":{"@type":"ImageObject","inLanguage":"es","@id":"https:\/\/tridenstechnology.com\/#\/schema\/logo\/image\/","url":"https:\/\/d2xqcz296oofyv.cloudfront.net\/wp-content\/uploads\/2019\/02\/tridens_logo_invert.png","contentUrl":"https:\/\/d2xqcz296oofyv.cloudfront.net\/wp-content\/uploads\/2019\/02\/tridens_logo_invert.png","width":600,"height":191,"caption":"Tridens"},"image":{"@id":"https:\/\/tridenstechnology.com\/#\/schema\/logo\/image\/"},"sameAs":["https:\/\/www.facebook.com\/tridenstechnology","https:\/\/x.com\/TridensTech","https:\/\/www.instagram.com\/tridenstechnology\/","https:\/\/www.linkedin.com\/company\/tridens","https:\/\/www.youtube.com\/user\/TridensIT"]}]}},"_links":{"self":[{"href":"https:\/\/tridenstechnology.com\/es\/wp-json\/wp\/v2\/pages\/7822","targetHints":{"allow":["GET"]}}],"collection":[{"href":"https:\/\/tridenstechnology.com\/es\/wp-json\/wp\/v2\/pages"}],"about":[{"href":"https:\/\/tridenstechnology.com\/es\/wp-json\/wp\/v2\/types\/page"}],"author":[{"embeddable":true,"href":"https:\/\/tridenstechnology.com\/es\/wp-json\/wp\/v2\/users\/6"}],"replies":[{"embeddable":true,"href":"https:\/\/tridenstechnology.com\/es\/wp-json\/wp\/v2\/comments?post=7822"}],"version-history":[{"count":0,"href":"https:\/\/tridenstechnology.com\/es\/wp-json\/wp\/v2\/pages\/7822\/revisions"}],"wp:attachment":[{"href":"https:\/\/tridenstechnology.com\/es\/wp-json\/wp\/v2\/media?parent=7822"}],"curies":[{"name":"wp","href":"https:\/\/api.w.org\/{rel}","templated":true}]}}