{"id":4282,"date":"2019-11-07T07:21:04","date_gmt":"2019-11-07T07:21:04","guid":{"rendered":"https:\/\/tridenstechnology.com\/?page_id=4282"},"modified":"2024-07-09T09:28:48","modified_gmt":"2024-07-09T07:28:48","slug":"nutzungsbedingungen","status":"publish","type":"page","link":"https:\/\/tridenstechnology.com\/de\/terms-of-use\/","title":{"rendered":"Nutzungsbedingungen"},"content":{"rendered":"<p><strong>ACHTUNG: MIT DER NUTZUNG DIESER WEBSITE ERKL\u00c4REN SIE, DASS SIE DIESE NUTZUNGSBEDINGUNGEN (\"BEDINGUNGEN\") GELESEN, VERSTANDEN UND AKZEPTIERT HABEN. SIE ERKL\u00c4REN SICH DAMIT EINVERSTANDEN, AN SIE GEBUNDEN ZU SEIN UND ALLE GELTENDEN GESETZE UND VORSCHRIFTEN EINZUHALTEN. WENN SIE DIESE BEDINGUNGEN (\"BEDINGUNGEN\") NICHT AKZEPTIEREN, BENUTZEN SIE DIESE WEBSEITE NICHT.<\/strong><\/p>\n<p>Tridens kann diese Tridens-Website-Nutzungsbedingungen (Bedingungen) jederzeit durch Aktualisierung dieser Ver\u00f6ffentlichung \u00fcberarbeiten. Sie sollten diese Seite von Zeit zu Zeit besuchen, um die jeweils aktuellen Bedingungen zu \u00fcberpr\u00fcfen, da diese f\u00fcr Sie verbindlich sind. Bestimmte Bestimmungen dieser Bedingungen k\u00f6nnen durch ausdr\u00fccklich gekennzeichnete rechtliche Hinweise oder Bedingungen ersetzt werden, die sich auf bestimmten Seiten der Tridens-Website (Site) befinden.<\/p>\n<h2>Nutzung dieser Website<\/h2>\n<p>Die Nutzung der Tridens-Website (diese Website) unterliegt diesen Bedingungen. Der Inhalt dieser Website ist urheberrechtlich gesch\u00fctzt und jede unbefugte Nutzung von Materialien auf dieser Website kann gegen das Urheberrecht, das Markenrecht und andere Gesetze versto\u00dfen. Sofern in den rechtlichen Hinweisen an anderer Stelle auf dieser Website nicht anders angegeben, gestattet Ihnen Tridens d.o.o., Titova cesta 2a, 2000 Maribor, Slowenien, Europ\u00e4ische Union, (\"Tridens\") hiermit, das Material auf dieser Website nur f\u00fcr Ihren pers\u00f6nlichen, nicht-kommerziellen Gebrauch und ausschlie\u00dflich zu Informationszwecken anzusehen, zu kopieren, auszudrucken und herunterzuladen, vorausgesetzt, dass Sie alle Urheberrechts- und sonstigen Eigentumshinweise, die im Originalinhalt enthalten sind, auf allen Kopien des Inhalts beibehalten. Sie sind nicht berechtigt, die Inhalte dieser Website in irgendeiner Weise zu ver\u00e4ndern, zu vervielf\u00e4ltigen, \u00f6ffentlich auszustellen, vorzuf\u00fchren, zu verbreiten oder anderweitig f\u00fcr \u00f6ffentliche oder kommerzielle Zwecke zu nutzen. F\u00fcr die Zwecke dieser Bedingungen ist jede Nutzung dieser Inhalte auf einer anderen Website oder in einer vernetzten Computerumgebung zu irgendeinem Zweck verboten. Ungeachtet des Vorstehenden unterliegt jede Software und jeder andere Inhalt, der zum Herunterladen, zum Zugriff oder zur anderweitigen Nutzung von dieser Website zur Verf\u00fcgung gestellt wird, eigenen Lizenzbestimmungen, Bedingungen und Hinweisen. Wenn Sie gegen eine dieser Bedingungen versto\u00dfen, erlischt Ihre Berechtigung zur Nutzung dieser Website automatisch und Sie m\u00fcssen alle heruntergeladenen oder gedruckten Materialien unverz\u00fcglich vernichten.<\/p>\n<p>Sofern nicht ausdr\u00fccklich hier oder auf einer anderen Webseite der Website angegeben, darf nichts auf der Website so ausgelegt werden, dass Ihnen ein Recht oder eine Lizenz zur Nutzung der auf dieser Website enthaltenen geistigen Eigentumsrechte einger\u00e4umt wird, sei es durch Rechtsverwirkung, stillschweigend oder auf andere Weise.<\/p>\n<h2>Verwendung von Software<\/h2>\n<p>Wenn Sie Software von dieser Website herunterladen oder verwenden (\"Software\"), unterliegt die Nutzung der Software den Lizenzbedingungen der Software-Lizenzvereinbarung, die der Software beiliegt oder mit ihr geliefert wird. Sie d\u00fcrfen die Software erst dann herunterladen oder installieren, wenn Sie die Bedingungen der Software-Lizenzvereinbarung gelesen und akzeptiert haben.<\/p>\n<h2>Privatsph\u00e4re, Schutz pers\u00f6nlicher Daten, Cookies und Tracking<\/h2>\n<p>Wir bei Tridens sind uns bewusst, dass der Datenschutz f\u00fcr die Besucher der Website ein wichtiges Thema ist.<\/p>\n<p>Ausf\u00fchrliche Informationen \u00fcber den Schutz der Privatsph\u00e4re und pers\u00f6nlicher Daten im Zusammenhang mit dieser Website finden Sie auf unserer <a href=\"https:\/\/tridenstechnology.com\/privacy-policy\/\">Datenschutzbestimmungen<\/a>. Informationen \u00fcber die Verwendung von Cookies und die Benutzerverfolgung auf dieser Website finden Sie auf unserer <a href=\"https:\/\/tridenstechnology.com\/privacy-policy\/\">Datenschutzbestimmungen<\/a>.<\/p>\n<h2>Benutzer-Einsendungen<\/h2>\n<p>Alle Materialien, Informationen oder sonstigen Mitteilungen, die Sie an diese Website oder an Tridens bez\u00fcglich dieser Website \u00fcbermitteln oder posten, werden als nicht vertraulich und nicht urheberrechtlich gesch\u00fctzt betrachtet (\"Benutzerbeitr\u00e4ge\"). Tridens ist der alleinige Eigent\u00fcmer aller Benutzer-\u00dcbermittlungen. Tridens hat keinerlei Verpflichtungen in Bezug auf Benutzerbeitr\u00e4ge und kann die Benutzerbeitr\u00e4ge uneingeschr\u00e4nkt f\u00fcr jeden Zweck (z. B. Nutzung, Reproduktion, \u00c4nderung, Offenlegung, (Weiter-)Verbreitung, \u00f6ffentliche Darstellung usw.) und ohne Angabe der Quelle verwenden. Tridens darf den Inhalt von Benutzerbeitr\u00e4gen, einschlie\u00dflich, aber nicht beschr\u00e4nkt auf Ideen, Konzepte, Wissen, Erfahrungen und Techniken, f\u00fcr jeden Zweck verwenden, einschlie\u00dflich, aber nicht beschr\u00e4nkt auf die Entwicklung, Herstellung und Vermarktung von Produkten\/Dienstleistungen, die Benutzerbeitr\u00e4ge enthalten, au\u00dfer im Falle eines ausdr\u00fccklichen Hinweises des Besuchers, dass die Benutzerbeitr\u00e4ge als vertraulich zu betrachten sind und\/oder im Falle eines ausdr\u00fccklichen Hinweises auf das Verbot der Verwendung der Benutzerbeitr\u00e4ge. Tridens wird die Benutzerbeitr\u00e4ge nicht an andere verkaufen, weitergeben oder vermieten, abgesehen von dem, was in diesen Bedingungen festgelegt ist.<\/p>\n<p>Es ist Ihnen untersagt, ungesetzliches, bedrohliches, beleidigendes, verleumderisches, obsz\u00f6nes, pornografisches oder sonstiges Material, das gegen geltendes Recht verst\u00f6\u00dft, auf diese Website zu stellen oder von dort zu \u00fcbertragen.<\/p>\n<h2>Links zu anderen Websites<\/h2>\n<p>Links zu Websites Dritter auf dieser Website werden Ihnen lediglich als Annehmlichkeit zur Verf\u00fcgung gestellt. Tridens hat nicht alle diese Websites Dritter \u00fcberpr\u00fcft und hat keine Kontrolle \u00fcber diese Websites oder deren Inhalt und ist nicht daf\u00fcr verantwortlich. Daher gibt Tridens keine Zusicherungen, Garantien oder andere Verpflichtungen in Bezug auf diese Websites oder die dort gefundenen Informationen, Software oder anderen Produkte oder Materialien oder die Ergebnisse, die durch deren Nutzung erzielt werden k\u00f6nnen. Wenn Sie sich entschlie\u00dfen, auf eine der mit dieser Website verlinkten Websites Dritter zuzugreifen, tun Sie dies ausschlie\u00dflich auf eigenes Risiko.<\/p>\n<h2>Haftungsausschluss<\/h2>\n<p>Die auf dieser Website bereitgestellten Materialien und Dienstleistungen werden im Ist-Zustand und ohne jegliche Garantien bereitgestellt, einschlie\u00dflich Garantien f\u00fcr die Marktg\u00e4ngigkeit, die Eignung f\u00fcr einen bestimmten Zweck oder die Nichtverletzung geistigen Eigentums. Bei den Materialien und Dienstleistungen handelt es sich ausschlie\u00dflich um allgemeine Informationen, die nicht dazu bestimmt sind, auf die besonderen Umst\u00e4nde einer bestimmten Person oder Einrichtung einzugehen, und die keine professionelle Beratung darstellen.<\/p>\n<p>Tridens \u00fcbernimmt keine Garantie f\u00fcr die Richtigkeit und Vollst\u00e4ndigkeit der Materialien oder Dienstleistungen auf dieser Site. Tridens kann jederzeit und ohne Vorank\u00fcndigung \u00c4nderungen an den Materialien und Diensten auf dieser Website oder an den darin beschriebenen Produkten und Preisen vornehmen. Die Materialien und Dienstleistungen auf dieser Website k\u00f6nnen veraltet sein, und Tridens \u00fcbernimmt keine Verpflichtung zur Aktualisierung der Materialien und Dienstleistungen auf dieser Website. Die auf dieser Website ver\u00f6ffentlichten Informationen k\u00f6nnen sich auf Produkte, Programme oder Dienstleistungen beziehen, die in Ihrem Land nicht verf\u00fcgbar sind. Wenden Sie sich an Tridens, um Informationen \u00fcber die Produkte, Programme und Dienstleistungen zu erhalten, die Ihnen zur Verf\u00fcgung stehen k\u00f6nnten.<\/p>\n<h2>Einschr\u00e4nkung der Haftung<\/h2>\n<p>IN KEINEM FALL HAFTEN TRIDENS, SEINE LIEFERANTEN ODER ANDERE AUF DIESER WEBSITE ERW\u00c4HNTE DRITTPARTEIEN F\u00dcR SCH\u00c4DEN JEGLICHER ART (EINSCHLIESSLICH, ABER NICHT BESCHR\u00c4NKT AUF SCH\u00c4DEN AUS ENTGANGENEM GEWINN, DATENVERLUST ODER GESCH\u00c4FTSUNTERBRECHUNG), DIE SICH AUS DER NUTZUNG, DER UNM\u00d6GLICHKEIT DER NUTZUNG ODER DEN ERGEBNISSEN DER NUTZUNG DIESER WEBSITE, DER MIT DIESER WEBSITE VERLINKTEN WEBSITES ODER DER MATERIALIEN ODER INFORMATIONEN ODER DIENSTLEISTUNGEN, DIE AUF EINER ODER ALLEN DIESEN WEBSITES ENTHALTEN SIND, ERGEBEN, UNABH\u00c4NGIG DAVON, OB SIE AUF EINER GARANTIE, EINEM VERTRAG, EINER UNERLAUBTEN HANDLUNG ODER EINER ANDEREN RECHTSTHEORIE BASIEREN UND UNABH\u00c4NGIG DAVON, OB SIE AUF DIE M\u00d6GLICHKEIT SOLCHER SCH\u00c4DEN HINGEWIESEN WURDEN ODER NICHT. WENN IHRE NUTZUNG DER MATERIALIEN, INFORMATIONEN ODER DIENSTLEISTUNGEN DIESER WEBSITE DAZU F\u00dcHRT, DASS WARTUNG, REPARATUR ODER KORREKTUREN AN GER\u00c4TEN ODER DATEN ERFORDERLICH WERDEN, \u00dcBERNEHMEN SIE ALLE KOSTEN DAF\u00dcR.<\/p>\n<h2>Geltende Gesetze<\/h2>\n<p>Diese Website unterliegt den Gesetzen und der Rechtsprechung der Republik Slowenien.<\/p>\n<p>Es ist Ihnen nicht gestattet, die Materialien oder Dienstleistungen dieser Website oder Kopien oder Anpassungen zu verwenden oder zu exportieren oder zu reexportieren, wenn dies gegen geltende Gesetze oder Vorschriften verst\u00f6\u00dft, einschlie\u00dflich und ohne Einschr\u00e4nkung der einschl\u00e4gigen Exportgesetze und -vorschriften weltweit. Wenn Sie sich f\u00fcr den Zugriff auf diese Website entscheiden, tun Sie dies auf eigene Initiative und sind f\u00fcr die Einhaltung der geltenden lokalen Gesetze verantwortlich.<\/p>\n<h2>Eingetragene Warenzeichen<\/h2>\n<p>Alle Namen, Logos, Marken oder Dienstleistungsmarken, die auf dieser Website erscheinen, sind eingetragene Marken von Tridens. Sie d\u00fcrfen keine Namen, Logos, Marken oder Dienstleistungsmarken ohne vorherige schriftliche Genehmigung des rechtm\u00e4\u00dfigen Eigent\u00fcmers verwenden.<\/p>","protected":false},"excerpt":{"rendered":"<p>ATTENTION: THE USE OF THIS WEB SITE INDICATES THAT YOU HAVE READ, UNDERSTOOD AND ACCEPTED THESE TERMS OF USE (\u201cTERMS\u201d) AND YOU AGREE TO BE BOUND BY THEM AND TO COMPLY WITH ANY AND ALL APPLICABLE LAWS AND REGULATIONS. IF YOU DO NOT ACCEPT THESE TERMS (\u201cTERMS\u201d), DO NOT USE THIS WEB SITE. Tridens may&hellip;<\/p>","protected":false},"author":1,"featured_media":0,"parent":0,"menu_order":0,"comment_status":"closed","ping_status":"closed","template":"","meta":{"footnotes":""},"class_list":["post-4282","page","type-page","status-publish","hentry","description-off"],"yoast_head":"<!-- This site is optimized with the Yoast SEO Premium plugin v27.5 (Yoast SEO v27.5) - https:\/\/yoast.com\/product\/yoast-seo-premium-wordpress\/ -->\n<title>Terms of Use - Tridens<\/title>\n<meta name=\"description\" content=\"Use of Tridens web site is governed by these Terms. The content found on this Site is protected by copyright and any unauthorized use of any materials at this Site may violate copyright, trademark, and other laws.\" \/>\n<meta name=\"robots\" content=\"noindex, follow\" \/>\n<meta property=\"og:locale\" content=\"de_DE\" \/>\n<meta property=\"og:type\" content=\"article\" \/>\n<meta property=\"og:title\" content=\"Terms of Use\" \/>\n<meta property=\"og:description\" content=\"Use of Tridens web site is governed by these Terms. The content found on this Site is protected by copyright and any unauthorized use of any materials at this Site may violate copyright, trademark, and other laws.\" \/>\n<meta property=\"og:url\" content=\"https:\/\/tridenstechnology.com\/de\/nutzungsbedingungen\/\" \/>\n<meta property=\"og:site_name\" content=\"Tridens\" \/>\n<meta property=\"article:publisher\" content=\"https:\/\/www.facebook.com\/tridenstechnology\" \/>\n<meta property=\"article:modified_time\" content=\"2024-07-09T07:28:48+00:00\" \/>\n<meta property=\"og:image\" content=\"https:\/\/d2xqcz296oofyv.cloudfront.net\/wp-content\/uploads\/2019\/09\/tridens-monetization-black.png\" \/>\n\t<meta property=\"og:image:width\" content=\"1504\" \/>\n\t<meta property=\"og:image:height\" content=\"493\" \/>\n\t<meta property=\"og:image:type\" content=\"image\/png\" \/>\n<meta name=\"twitter:card\" content=\"summary_large_image\" \/>\n<meta name=\"twitter:site\" content=\"@TridensTech\" \/>\n<meta name=\"twitter:label1\" content=\"Gesch\u00e4tzte Lesezeit\" \/>\n\t<meta name=\"twitter:data1\" content=\"6\u00a0Minuten\" \/>\n<!-- \/ Yoast SEO Premium plugin. -->","yoast_head_json":{"title":"Nutzungsbedingungen - Tridens","description":"Die Nutzung der Tridens-Website unterliegt diesen Bedingungen. Der Inhalt dieser Website ist urheberrechtlich gesch\u00fctzt, und jede unbefugte Verwendung von Materialien auf dieser Website kann gegen Urheberrechts-, Marken- und andere Gesetze versto\u00dfen.","robots":{"index":"noindex","follow":"follow"},"og_locale":"de_DE","og_type":"article","og_title":"Terms of Use","og_description":"Use of Tridens web site is governed by these Terms. The content found on this Site is protected by copyright and any unauthorized use of any materials at this Site may violate copyright, trademark, and other laws.","og_url":"https:\/\/tridenstechnology.com\/de\/nutzungsbedingungen\/","og_site_name":"Tridens","article_publisher":"https:\/\/www.facebook.com\/tridenstechnology","article_modified_time":"2024-07-09T07:28:48+00:00","og_image":[{"width":1504,"height":493,"url":"https:\/\/d2xqcz296oofyv.cloudfront.net\/wp-content\/uploads\/2019\/09\/tridens-monetization-black.png","type":"image\/png"}],"twitter_card":"summary_large_image","twitter_site":"@TridensTech","twitter_misc":{"Gesch\u00e4tzte Lesezeit":"6\u00a0Minuten"},"schema":{"@context":"https:\/\/schema.org","@graph":[{"@type":"WebPage","@id":"https:\/\/tridenstechnology.com\/terms-of-use\/","url":"https:\/\/tridenstechnology.com\/terms-of-use\/","name":"Nutzungsbedingungen - Tridens","isPartOf":{"@id":"https:\/\/tridenstechnology.com\/#website"},"datePublished":"2019-11-07T07:21:04+00:00","dateModified":"2024-07-09T07:28:48+00:00","description":"Die Nutzung der Tridens-Website unterliegt diesen Bedingungen. Der Inhalt dieser Website ist urheberrechtlich gesch\u00fctzt, und jede unbefugte Verwendung von Materialien auf dieser Website kann gegen Urheberrechts-, Marken- und andere Gesetze versto\u00dfen.","breadcrumb":{"@id":"https:\/\/tridenstechnology.com\/terms-of-use\/#breadcrumb"},"inLanguage":"de","potentialAction":[{"@type":"ReadAction","target":["https:\/\/tridenstechnology.com\/terms-of-use\/"]}]},{"@type":"BreadcrumbList","@id":"https:\/\/tridenstechnology.com\/terms-of-use\/#breadcrumb","itemListElement":[{"@type":"ListItem","position":1,"name":"Home","item":"https:\/\/tridenstechnology.com\/"},{"@type":"ListItem","position":2,"name":"Terms of Use"}]},{"@type":"WebSite","@id":"https:\/\/tridenstechnology.com\/#website","url":"https:\/\/tridenstechnology.com\/","name":"Tridens","description":"Monetarisierung, Abrechnung &amp; EV-Laden","publisher":{"@id":"https:\/\/tridenstechnology.com\/#organization"},"potentialAction":[{"@type":"SearchAction","target":{"@type":"EntryPoint","urlTemplate":"https:\/\/tridenstechnology.com\/?s={search_term_string}"},"query-input":{"@type":"PropertyValueSpecification","valueRequired":true,"valueName":"search_term_string"}}],"inLanguage":"de"},{"@type":"Organization","@id":"https:\/\/tridenstechnology.com\/#organization","name":"Tridens","url":"https:\/\/tridenstechnology.com\/","logo":{"@type":"ImageObject","inLanguage":"de","@id":"https:\/\/tridenstechnology.com\/#\/schema\/logo\/image\/","url":"https:\/\/d2xqcz296oofyv.cloudfront.net\/wp-content\/uploads\/2019\/02\/tridens_logo_invert.png","contentUrl":"https:\/\/d2xqcz296oofyv.cloudfront.net\/wp-content\/uploads\/2019\/02\/tridens_logo_invert.png","width":600,"height":191,"caption":"Tridens"},"image":{"@id":"https:\/\/tridenstechnology.com\/#\/schema\/logo\/image\/"},"sameAs":["https:\/\/www.facebook.com\/tridenstechnology","https:\/\/x.com\/TridensTech","https:\/\/www.instagram.com\/tridenstechnology\/","https:\/\/www.linkedin.com\/company\/tridens","https:\/\/www.youtube.com\/user\/TridensIT"]}]}},"_links":{"self":[{"href":"https:\/\/tridenstechnology.com\/de\/wp-json\/wp\/v2\/pages\/4282","targetHints":{"allow":["GET"]}}],"collection":[{"href":"https:\/\/tridenstechnology.com\/de\/wp-json\/wp\/v2\/pages"}],"about":[{"href":"https:\/\/tridenstechnology.com\/de\/wp-json\/wp\/v2\/types\/page"}],"author":[{"embeddable":true,"href":"https:\/\/tridenstechnology.com\/de\/wp-json\/wp\/v2\/users\/1"}],"replies":[{"embeddable":true,"href":"https:\/\/tridenstechnology.com\/de\/wp-json\/wp\/v2\/comments?post=4282"}],"version-history":[{"count":0,"href":"https:\/\/tridenstechnology.com\/de\/wp-json\/wp\/v2\/pages\/4282\/revisions"}],"wp:attachment":[{"href":"https:\/\/tridenstechnology.com\/de\/wp-json\/wp\/v2\/media?parent=4282"}],"curies":[{"name":"wp","href":"https:\/\/api.w.org\/{rel}","templated":true}]}}