{"id":10763,"date":"2022-08-12T15:16:12","date_gmt":"2022-08-12T15:16:12","guid":{"rendered":"https:\/\/tridenstechnology.com\/?page_id=10763"},"modified":"2024-07-19T14:36:44","modified_gmt":"2024-07-19T12:36:44","slug":"qualitatspolitik-zur-informationssicherheit","status":"publish","type":"page","link":"https:\/\/tridenstechnology.com\/de\/quality-information-security-policy\/","title":{"rendered":"Qualit\u00e4ts- und Informationssicherheitspolitik"},"content":{"rendered":"<div class=\"wpb-content-wrapper\"><div class=\"vc_row wpb_row vc_row-fluid\"><div class=\"wpb_column vc_column_container vc_col-sm-12\"><div class=\"vc_column-inner\"><div class=\"wpb_wrapper\"><div class=\"vc_empty_space  empty-space-35\"   style=\"height: 35px\"><span class=\"vc_empty_space_inner\"><\/span><\/div><div class=\"vc_empty_space  empty-space-130\"   style=\"height: 130px\"><span class=\"vc_empty_space_inner\"><\/span><\/div>\n\t<div class=\"wpb_text_column wpb_content_element\" >\n\t\t<div class=\"wpb_wrapper\">\n\t\t\t<p>Tridens hat sich dem Ziel verschrieben, die h\u00f6chsten Qualit\u00e4tsstandards zu erreichen. Qualit\u00e4t bildet die Grundlage unseres Wertversprechens und unseres Markenimages. Sie ist der Grundstein, auf dem Tridens dauerhafte Beziehungen aufbaut, in denen wir f\u00fcr den Erfolg unserer Kunden und Partner unerl\u00e4sslich sind. Wir sind f\u00fcr den Schutz der Informationen in unserer t\u00e4glichen Arbeit und im Gesch\u00e4ftsverkehr mit unseren Kunden verantwortlich. Als Unternehmen mit umfangreichen Erfahrungen und Kenntnissen in der Entwicklung komplexer und umfassender Informationsl\u00f6sungen f\u00fcr Kunden sind der Schutz, die Verf\u00fcgbarkeit und die Integrit\u00e4t von Informationen wichtig f\u00fcr uns.<\/p>\n<p>Es ist die Politik von Tridens, erstklassige Produkte und Dienstleistungen in allen Bereichen und Disziplinen anzubieten, die auf den folgenden Grunds\u00e4tzen basieren:<\/p>\n<ul>\n<li><strong>Kundenorientierung:<\/strong> Wir haben uns verpflichtet, die Bed\u00fcrfnisse unserer aktuellen und zuk\u00fcnftigen Kunden zu verstehen, ihre Anforderungen zu erf\u00fcllen und ihre Erwartungen zu \u00fcbertreffen.<\/li>\n<li><strong>F\u00fchrungsqualit\u00e4ten:<\/strong> Unser Top-Management ist bestrebt, ein Arbeitsumfeld zu schaffen und aufrechtzuerhalten, in dem die Mitarbeiter voll in die Erreichung unserer Ziele eingebunden sind.<\/li>\n<li><strong>Engagement der Menschen:<\/strong> Wir sind uns bewusst, dass Menschen die Essenz eines jeden guten Unternehmens sind und dass ihre volle Beteiligung es erm\u00f6glicht, ihre F\u00e4higkeiten zu unserem Vorteil zu nutzen.<\/li>\n<li><strong>Prozess-Ansatz:<\/strong> Wir wissen, dass das gew\u00fcnschte Ergebnis effizienter erreicht wird, wenn Aktivit\u00e4ten und damit verbundene Ressourcen als Prozess oder eine Reihe miteinander verbundener Prozesse verwaltet werden.<br \/>\nVerbesserung: Wir sind bestrebt, alle Aspekte unseres Qualit\u00e4tsmanagementsystems zu verbessern. Dies ist eines unserer wichtigsten j\u00e4hrlichen Ziele.<\/li>\n<li><strong>Evidenzbasierte Entscheidungsfindung:<\/strong> Wir verpflichten uns, Entscheidungen in Bezug auf unser Qualit\u00e4tssystem nach einer Analyse der relevanten Daten und Informationen zu treffen.<\/li>\n<li><strong>Beziehungsmanagement:<\/strong> Tridens ist sich bewusst, dass ein Unternehmen und seine Beziehungen zu externen Anbietern voneinander abh\u00e4ngig sind und dass eine f\u00fcr beide Seiten vorteilhafte Beziehung die F\u00e4higkeit zur Wertsch\u00f6pfung verbessert.<\/li>\n<li><strong>Regulatorische Anforderungen:<\/strong> Tridens verpflichtet sich, alle geltenden gesetzlichen Bestimmungen einzuhalten.<\/li>\n<\/ul>\n<p>&nbsp;<\/p>\n<p>Um diese Politik umzusetzen, hat Tridens ein Qualit\u00e4tsmanagementsystem (QMS) eingerichtet, das den Anforderungen der Normen ISO 9001:2015 und ISO\/IEC 27001:2013 entspricht. Das QMS zielt darauf ab:<\/p>\n<ul>\n<li>\u00fcbersichtliche Prozesse und definierte Rollen bei der Akquisition und Umsetzung eines Gesch\u00e4fts sowie bei der Personalbesetzung;<\/li>\n<li>ein klares Verst\u00e4ndnis der Rollen und Verantwortlichkeiten innerhalb der Organisation;<br \/>\ndie systematische Anwendung bestehender organisatorischer Rollen und Praktiken sowie die Einf\u00fchrung von Verbesserungen in der gesamten Organisation, um auf allen Ebenen der Organisation das gleiche Dienstleistungsniveau zu gew\u00e4hrleisten;<\/li>\n<li>systematische Umsetzung von Richtlinien f\u00fcr das Management der Informationssicherheit;<br \/>\nSteigerung der Effizienz des Informationssicherheitsmanagementsystems;<br \/>\nSt\u00e4rkung des Bewusstseins der Mitarbeiter;<\/li>\n<li>Verringern Sie die Wahrscheinlichkeit des Auftretens von Informationssicherheitsvorf\u00e4llen;<br \/>\neinfacheres und effektiveres Onboarding und Mentoring von neuen Mitarbeitern auf allen Positionen in der Tridens-Organisation.<\/li>\n<\/ul>\n<p>&nbsp;<\/p>\n<p>Unsere F\u00fchrungskr\u00e4fte sind daf\u00fcr verantwortlich, zu verstehen, wie Kunden mit uns interagieren, Messungen und Verbesserungsziele zu definieren und Ma\u00dfnahmen zur Erreichung von Qualit\u00e4ts- und Informationssicherheitszielen voranzutreiben.<\/p>\n<p>Unser Ziel ist es, unseren Kunden einen Mehrwert zu bieten, wenn sie direkt oder \u00fcber unsere Gesch\u00e4ftspartner in allen von uns bedienten geografischen M\u00e4rkten mit uns in Kontakt treten. Wir h\u00f6ren auf das Feedback unserer Kunden und nutzen die gewonnenen Erkenntnisse, um die Kundenerfahrung und die Qualit\u00e4t zu verbessern. Die Entscheidung des Kunden, sich f\u00fcr uns zu entscheiden und uns an seine Gesch\u00e4ftspartner, Kollegen und Freunde weiterzuempfehlen, ist Teil unserer Erfolgsmessung.<\/p>\n<p>Das zweite Ziel der Richtlinie besteht darin, die Bedeutung der Informationen f\u00fcr die Gesch\u00e4ftst\u00e4tigkeit des Unternehmens zu bestimmen und sie angemessen zu sch\u00fctzen, indem Vertraulichkeit, Integrit\u00e4t und Verf\u00fcgbarkeit gew\u00e4hrleistet werden:<\/p>\n<ul>\n<li>Schutz der Informationen vor unbefugtem Zugriff, so dass nur autorisierte Personen darauf zugreifen k\u00f6nnen (<strong>Vertraulichkeit<\/strong>).<\/li>\n<li>Aufrechterhaltung der Integrit\u00e4t von Informationen durch Schulung von Mitarbeitern und Vertragspartnern f\u00fcr die sichere Verarbeitung von Informationen und Verhinderung unbefugter \u00c4nderungen durch organisatorische und technische Kontrollen (<strong>Integrit\u00e4t<\/strong>).<\/li>\n<li>Bereitstellung von Informationen f\u00fcr autorisierte Personen innerhalb einer angemessenen Frist (<strong>Verf\u00fcgbarkeit<\/strong>).<\/li>\n<\/ul>\n<p>&nbsp;<\/p>\n<p>Tridens hat ein internes Auditprogramm eingef\u00fchrt, um sicherzustellen, dass die laufende Eignung und Konformit\u00e4t des QMS gew\u00e4hrleistet ist. Das QMS hat die volle Unterst\u00fctzung der Unternehmensleitung und der Mitarbeiter.<\/p>\n<p>&nbsp;<\/p>\n<p>Die nachstehenden Zertifikate sind ein Beweis daf\u00fcr, dass wir die Qualit\u00e4ts- und Sicherheitsstandards einhalten:<\/p>\n<ul>\n<li><a href=\"https:\/\/tridenstechnology.com\/ISO-27001-Certificate\">ISO 27001:2013<\/a>: Diese Zertifizierung zeigt, dass wir uns den h\u00f6chsten Standards f\u00fcr das Management der Informationssicherheit verpflichtet haben.<\/li>\n<li><a href=\"https:\/\/tridenstechnology.com\/ISO-9001-Certificate\">ISO 9001:2015<\/a>: Diese Zertifizierung beweist unser Engagement f\u00fcr das Qualit\u00e4tsmanagement und die Umsetzung h\u00f6chster Standards in unseren Abl\u00e4ufen und Prozessen.<\/li>\n<\/ul>\n<p>&nbsp;<\/p>\n<p>Datum: 9.7.2024<\/p>\n\n\t\t<\/div>\n\t<\/div>\n<\/div><\/div><\/div><\/div>\n<\/div>","protected":false},"excerpt":{"rendered":"<p>Tridens is committed to the goal of achieving the highest standards of quality. Quality forms the basis of our value proposition and our brand image. It is the cornerstone upon which Tridens builds lasting relationships, where we are essential for our clients&#8217; and partners&#8217; success. We are responsible for protecting the information in our daily&hellip;<\/p>","protected":false},"author":6,"featured_media":0,"parent":0,"menu_order":0,"comment_status":"closed","ping_status":"closed","template":"","meta":{"footnotes":""},"class_list":["post-10763","page","type-page","status-publish","hentry","description-off"],"yoast_head":"<!-- This site is optimized with the Yoast SEO Premium plugin v27.5 (Yoast SEO v27.5) - https:\/\/yoast.com\/product\/yoast-seo-premium-wordpress\/ -->\n<title>Quality &amp; Information Security Policy - Tridens<\/title>\n<meta name=\"description\" content=\"The quality and privacy policy sets out how we may collect and process your data.\" \/>\n<meta name=\"robots\" content=\"index, follow, max-snippet:-1, max-image-preview:large, max-video-preview:-1\" \/>\n<link rel=\"canonical\" href=\"https:\/\/tridenstechnology.com\/de\/qualitatspolitik-zur-informationssicherheit\/\" \/>\n<meta property=\"og:locale\" content=\"de_DE\" \/>\n<meta property=\"og:type\" content=\"article\" \/>\n<meta property=\"og:title\" content=\"Quality &amp; Information Security Policy\" \/>\n<meta property=\"og:description\" content=\"The quality and privacy policy sets out how we may collect and process your data.\" \/>\n<meta property=\"og:url\" content=\"https:\/\/tridenstechnology.com\/de\/qualitatspolitik-zur-informationssicherheit\/\" \/>\n<meta property=\"og:site_name\" content=\"Tridens\" \/>\n<meta property=\"article:publisher\" content=\"https:\/\/www.facebook.com\/tridenstechnology\" \/>\n<meta property=\"article:modified_time\" content=\"2024-07-19T12:36:44+00:00\" \/>\n<meta property=\"og:image\" content=\"https:\/\/d2xqcz296oofyv.cloudfront.net\/wp-content\/uploads\/2019\/09\/tridens-monetization-black.png\" \/>\n\t<meta property=\"og:image:width\" content=\"1504\" \/>\n\t<meta property=\"og:image:height\" content=\"493\" \/>\n\t<meta property=\"og:image:type\" content=\"image\/png\" \/>\n<meta name=\"twitter:card\" content=\"summary_large_image\" \/>\n<meta name=\"twitter:site\" content=\"@TridensTech\" \/>\n<meta name=\"twitter:label1\" content=\"Gesch\u00e4tzte Lesezeit\" \/>\n\t<meta name=\"twitter:data1\" content=\"4\u00a0Minuten\" \/>\n<!-- \/ Yoast SEO Premium plugin. -->","yoast_head_json":{"title":"Qualit\u00e4ts- und Informationssicherheitspolitik - Tridens","description":"In der Qualit\u00e4ts- und Datenschutzrichtlinie wird dargelegt, wie wir Ihre Daten erfassen und verarbeiten k\u00f6nnen.","robots":{"index":"index","follow":"follow","max-snippet":"max-snippet:-1","max-image-preview":"max-image-preview:large","max-video-preview":"max-video-preview:-1"},"canonical":"https:\/\/tridenstechnology.com\/de\/qualitatspolitik-zur-informationssicherheit\/","og_locale":"de_DE","og_type":"article","og_title":"Quality & Information Security Policy","og_description":"The quality and privacy policy sets out how we may collect and process your data.","og_url":"https:\/\/tridenstechnology.com\/de\/qualitatspolitik-zur-informationssicherheit\/","og_site_name":"Tridens","article_publisher":"https:\/\/www.facebook.com\/tridenstechnology","article_modified_time":"2024-07-19T12:36:44+00:00","og_image":[{"width":1504,"height":493,"url":"https:\/\/d2xqcz296oofyv.cloudfront.net\/wp-content\/uploads\/2019\/09\/tridens-monetization-black.png","type":"image\/png"}],"twitter_card":"summary_large_image","twitter_site":"@TridensTech","twitter_misc":{"Gesch\u00e4tzte Lesezeit":"4\u00a0Minuten"},"schema":{"@context":"https:\/\/schema.org","@graph":[{"@type":"WebPage","@id":"https:\/\/tridenstechnology.com\/quality-information-security-policy\/","url":"https:\/\/tridenstechnology.com\/quality-information-security-policy\/","name":"Qualit\u00e4ts- und Informationssicherheitspolitik - Tridens","isPartOf":{"@id":"https:\/\/tridenstechnology.com\/#website"},"datePublished":"2022-08-12T15:16:12+00:00","dateModified":"2024-07-19T12:36:44+00:00","description":"In der Qualit\u00e4ts- und Datenschutzrichtlinie wird dargelegt, wie wir Ihre Daten erfassen und verarbeiten k\u00f6nnen.","breadcrumb":{"@id":"https:\/\/tridenstechnology.com\/quality-information-security-policy\/#breadcrumb"},"inLanguage":"de","potentialAction":[{"@type":"ReadAction","target":["https:\/\/tridenstechnology.com\/quality-information-security-policy\/"]}]},{"@type":"BreadcrumbList","@id":"https:\/\/tridenstechnology.com\/quality-information-security-policy\/#breadcrumb","itemListElement":[{"@type":"ListItem","position":1,"name":"Home","item":"https:\/\/tridenstechnology.com\/"},{"@type":"ListItem","position":2,"name":"Quality &#038; Information Security Policy"}]},{"@type":"WebSite","@id":"https:\/\/tridenstechnology.com\/#website","url":"https:\/\/tridenstechnology.com\/","name":"Tridens","description":"Monetarisierung, Abrechnung &amp; EV-Laden","publisher":{"@id":"https:\/\/tridenstechnology.com\/#organization"},"potentialAction":[{"@type":"SearchAction","target":{"@type":"EntryPoint","urlTemplate":"https:\/\/tridenstechnology.com\/?s={search_term_string}"},"query-input":{"@type":"PropertyValueSpecification","valueRequired":true,"valueName":"search_term_string"}}],"inLanguage":"de"},{"@type":"Organization","@id":"https:\/\/tridenstechnology.com\/#organization","name":"Tridens","url":"https:\/\/tridenstechnology.com\/","logo":{"@type":"ImageObject","inLanguage":"de","@id":"https:\/\/tridenstechnology.com\/#\/schema\/logo\/image\/","url":"https:\/\/d2xqcz296oofyv.cloudfront.net\/wp-content\/uploads\/2019\/02\/tridens_logo_invert.png","contentUrl":"https:\/\/d2xqcz296oofyv.cloudfront.net\/wp-content\/uploads\/2019\/02\/tridens_logo_invert.png","width":600,"height":191,"caption":"Tridens"},"image":{"@id":"https:\/\/tridenstechnology.com\/#\/schema\/logo\/image\/"},"sameAs":["https:\/\/www.facebook.com\/tridenstechnology","https:\/\/x.com\/TridensTech","https:\/\/www.instagram.com\/tridenstechnology\/","https:\/\/www.linkedin.com\/company\/tridens","https:\/\/www.youtube.com\/user\/TridensIT"]}]}},"_links":{"self":[{"href":"https:\/\/tridenstechnology.com\/de\/wp-json\/wp\/v2\/pages\/10763","targetHints":{"allow":["GET"]}}],"collection":[{"href":"https:\/\/tridenstechnology.com\/de\/wp-json\/wp\/v2\/pages"}],"about":[{"href":"https:\/\/tridenstechnology.com\/de\/wp-json\/wp\/v2\/types\/page"}],"author":[{"embeddable":true,"href":"https:\/\/tridenstechnology.com\/de\/wp-json\/wp\/v2\/users\/6"}],"replies":[{"embeddable":true,"href":"https:\/\/tridenstechnology.com\/de\/wp-json\/wp\/v2\/comments?post=10763"}],"version-history":[{"count":0,"href":"https:\/\/tridenstechnology.com\/de\/wp-json\/wp\/v2\/pages\/10763\/revisions"}],"wp:attachment":[{"href":"https:\/\/tridenstechnology.com\/de\/wp-json\/wp\/v2\/media?parent=10763"}],"curies":[{"name":"wp","href":"https:\/\/api.w.org\/{rel}","templated":true}]}}